{"id":1238,"date":"2023-01-16T14:12:32","date_gmt":"2023-01-16T13:12:32","guid":{"rendered":"https:\/\/www.forjasvecina.com\/actualites\/"},"modified":"2023-02-06T10:20:05","modified_gmt":"2023-02-06T10:20:05","slug":"actualites","status":"publish","type":"page","link":"https:\/\/www.forjasvecina.com\/fr\/actualites\/","title":{"rendered":"Actualit\u00e9s"},"content":{"rendered":"<p>[et_pb_section fb_built=\u00a0\u00bb1&Prime; _builder_version=\u00a0\u00bb4.18.0&Prime; _module_preset=\u00a0\u00bbdefault\u00a0\u00bb use_background_color_gradient=\u00a0\u00bbon\u00a0\u00bb background_color_gradient_stops=\u00a0\u00bbrgba(25,5,4,0.5) 0%|rgba(25,5,4,0.5) 100%\u00a0\u00bb background_color_gradient_overlays_image=\u00a0\u00bbon\u00a0\u00bb background_color_gradient_start=\u00a0\u00bbrgba(25,5,4,0.5)\u00a0\u00bb background_color_gradient_end=\u00a0\u00bbrgba(25,5,4,0.5)\u00a0\u00bb background_image=\u00a0\u00bbhttps:\/\/www.forjasvecina.com\/wp-content\/uploads\/2021\/03\/slidertres-1920w.jpg\u00a0\u00bb max_height_tablet=\u00a0\u00bb\u00a0\u00bb max_height_phone=\u00a0\u00bb180px\u00a0\u00bb max_height_last_edited=\u00a0\u00bbon|phone\u00a0\u00bb border_width_bottom=\u00a0\u00bb12px\u00a0\u00bb border_color_bottom=\u00a0\u00bb#ebc118&Prime; global_colors_info=\u00a0\u00bb{}\u00a0\u00bb][et_pb_row _builder_version=\u00a0\u00bb4.16&Prime; _module_preset=\u00a0\u00bbdefault\u00a0\u00bb global_colors_info=\u00a0\u00bb{}\u00a0\u00bb][et_pb_column type=\u00a0\u00bb4_4&Prime; _builder_version=\u00a0\u00bb4.16&Prime; _module_preset=\u00a0\u00bbdefault\u00a0\u00bb global_colors_info=\u00a0\u00bb{}\u00a0\u00bb][et_pb_text _builder_version=\u00a0\u00bb4.18.0&Prime; _module_preset=\u00a0\u00bbdefault\u00a0\u00bb text_font=\u00a0\u00bbPoppins|700|||||||\u00a0\u00bb text_text_color=\u00a0\u00bb#ffffff\u00a0\u00bb text_font_size=\u00a0\u00bb35px\u00a0\u00bb text_orientation=\u00a0\u00bbcenter\u00a0\u00bb custom_margin_tablet=\u00a0\u00bb\u00a0\u00bb custom_margin_phone=\u00a0\u00bb-60px||||false|false\u00a0\u00bb custom_margin_last_edited=\u00a0\u00bbon|phone\u00a0\u00bb custom_padding_tablet=\u00a0\u00bb\u00a0\u00bb custom_padding_phone=\u00a0\u00bb||||false|false\u00a0\u00bb custom_padding_last_edited=\u00a0\u00bbon|phone\u00a0\u00bb text_font_size_tablet=\u00a0\u00bb\u00a0\u00bb text_font_size_phone=\u00a0\u00bb35px\u00a0\u00bb text_font_size_last_edited=\u00a0\u00bbon|phone\u00a0\u00bb text_line_height_tablet=\u00a0\u00bb\u00a0\u00bb text_line_height_phone=\u00a0\u00bb1.2em\u00a0\u00bb text_line_height_last_edited=\u00a0\u00bbon|phone\u00a0\u00bb global_colors_info=\u00a0\u00bb{}\u00a0\u00bb]<\/p>\n<p>ACTUALIT\u00c9S<\/p>\n<p>[\/et_pb_text][\/et_pb_column][\/et_pb_row][\/et_pb_section][et_pb_section fb_built=\u00a0\u00bb1&Prime; custom_padding_last_edited=\u00a0\u00bbon|phone\u00a0\u00bb _builder_version=\u00a0\u00bb4.16&Prime; _module_preset=\u00a0\u00bbdefault\u00a0\u00bb custom_padding=\u00a0\u00bb50px||5px||false|false\u00a0\u00bb custom_padding_tablet=\u00a0\u00bb\u00a0\u00bb custom_padding_phone=\u00a0\u00bb15px||||false|false\u00a0\u00bb global_colors_info=\u00a0\u00bb{}\u00a0\u00bb][et_pb_row _builder_version=\u00a0\u00bb4.16&Prime; _module_preset=\u00a0\u00bbdefault\u00a0\u00bb global_colors_info=\u00a0\u00bb{}\u00a0\u00bb][et_pb_column type=\u00a0\u00bb4_4&Prime; _builder_version=\u00a0\u00bb4.16&Prime; _module_preset=\u00a0\u00bbdefault\u00a0\u00bb global_colors_info=\u00a0\u00bb{}\u00a0\u00bb][et_pb_text _builder_version=\u00a0\u00bb4.18.0&Prime; _module_preset=\u00a0\u00bbdefault\u00a0\u00bb text_font=\u00a0\u00bbPoppins|300|||||||\u00a0\u00bb text_orientation=\u00a0\u00bbcenter\u00a0\u00bb animation_style=\u00a0\u00bbslide\u00a0\u00bb animation_direction=\u00a0\u00bbleft\u00a0\u00bb global_colors_info=\u00a0\u00bb{}\u00a0\u00bb]<\/p>\n<p>Forjas Vecina S.C.L. continue de travailler pour fournir <strong>plus de services<\/strong> \u00e0 <strong>diff\u00e9rents secteurs.<\/strong> D\u00e9couvrez nos nouveaut\u00e9s dans cette section.<\/p>\n<p>[\/et_pb_text][\/et_pb_column][\/et_pb_row][\/et_pb_section][et_pb_section fb_built=\u00a0\u00bb1&Prime; _builder_version=\u00a0\u00bb4.16&Prime; _module_preset=\u00a0\u00bbdefault\u00a0\u00bb custom_padding=\u00a0\u00bb5px|||||\u00a0\u00bb global_colors_info=\u00a0\u00bb{}\u00a0\u00bb][et_pb_row use_custom_gutter=\u00a0\u00bbon\u00a0\u00bb gutter_width=\u00a0\u00bb2&Prime; _builder_version=\u00a0\u00bb4.16&Prime; _module_preset=\u00a0\u00bbdefault\u00a0\u00bb global_colors_info=\u00a0\u00bb{}\u00a0\u00bb][et_pb_column type=\u00a0\u00bb4_4&Prime; _builder_version=\u00a0\u00bb4.16&Prime; _module_preset=\u00a0\u00bbdefault\u00a0\u00bb global_colors_info=\u00a0\u00bb{}\u00a0\u00bb][et_pb_gallery gallery_ids=\u00a0\u00bb1220,1217,1214&Prime; posts_number=\u00a0\u00bb12&Prime; zoom_icon_color=\u00a0\u00bb#ebc118&Prime; hover_overlay_color=\u00a0\u00bbrgba(58,58,58,0.68)\u00a0\u00bb hover_icon=\u00a0\u00bb&#xe054;||divi||400&Prime; module_class=\u00a0\u00bbgaleria-3col-2&Prime; _builder_version=\u00a0\u00bb4.18.0&Prime; _module_preset=\u00a0\u00bbdefault\u00a0\u00bb pagination_font=\u00a0\u00bbPoppins||||||||\u00a0\u00bb custom_margin=\u00a0\u00bb0px||||false|false\u00a0\u00bb custom_padding=\u00a0\u00bb||||false|false\u00a0\u00bb hover_enabled=\u00a0\u00bb0&Prime; global_colors_info=\u00a0\u00bb{}\u00a0\u00bb sticky_enabled=\u00a0\u00bb0&Prime;][\/et_pb_gallery][\/et_pb_column][\/et_pb_row][\/et_pb_section][et_pb_section fb_built=\u00a0\u00bb1&Prime; admin_label=\u00a0\u00bbFooter Section\u00a0\u00bb _builder_version=\u00a0\u00bb4.16&Prime; background_color=\u00a0\u00bb#cecfd1&Prime; custom_padding=\u00a0\u00bb26px|0px|47px|0px||\u00a0\u00bb saved_tabs=\u00a0\u00bball\u00a0\u00bb locked=\u00a0\u00bboff\u00a0\u00bb global_colors_info=\u00a0\u00bb{}\u00a0\u00bb][et_pb_row column_structure=\u00a0\u00bb1_4,1_4,1_4,1_4&Prime; admin_label=\u00a0\u00bbFooter Row\u00a0\u00bb _builder_version=\u00a0\u00bb4.16&Prime; global_colors_info=\u00a0\u00bb{}\u00a0\u00bb][et_pb_column type=\u00a0\u00bb1_4&Prime; _builder_version=\u00a0\u00bb4.16&Prime; custom_padding=\u00a0\u00bb|||\u00a0\u00bb global_colors_info=\u00a0\u00bb{}\u00a0\u00bb custom_padding__hover=\u00a0\u00bb|||\u00a0\u00bb][et_pb_image src=\u00a0\u00bbhttps:\/\/www.forjasvecina.com\/wp-content\/uploads\/2021\/03\/logo.png\u00a0\u00bb alt=\u00a0\u00bbForjas Vecina\u00a0\u00bb title_text=\u00a0\u00bblogo\u00a0\u00bb align_tablet=\u00a0\u00bbcenter\u00a0\u00bb align_phone=\u00a0\u00bbleft\u00a0\u00bb align_last_edited=\u00a0\u00bbon|desktop\u00a0\u00bb admin_label=\u00a0\u00bblogo\u00a0\u00bb _builder_version=\u00a0\u00bb4.16&Prime; max_width=\u00a0\u00bb100%\u00a0\u00bb global_colors_info=\u00a0\u00bb{}\u00a0\u00bb][\/et_pb_image][\/et_pb_column][et_pb_column type=\u00a0\u00bb1_4&Prime; _builder_version=\u00a0\u00bb4.16&Prime; custom_padding=\u00a0\u00bb|||\u00a0\u00bb global_colors_info=\u00a0\u00bb{}\u00a0\u00bb custom_padding__hover=\u00a0\u00bb|||\u00a0\u00bb][et_pb_text admin_label=\u00a0\u00bbLinks\u00a0\u00bb _builder_version=\u00a0\u00bb4.16&Prime; text_font=\u00a0\u00bbPoppins|300|||||||\u00a0\u00bb text_text_color=\u00a0\u00bb#646464&Prime; text_font_size=\u00a0\u00bb15px\u00a0\u00bb text_line_height=\u00a0\u00bb1.4em\u00a0\u00bb link_font=\u00a0\u00bbOpen Sans|600|||||||\u00a0\u00bb link_text_color=\u00a0\u00bb#ffffff\u00a0\u00bb link_line_height=\u00a0\u00bb2.5em\u00a0\u00bb header_font=\u00a0\u00bb||||||||\u00a0\u00bb header_2_font=\u00a0\u00bb||||||||\u00a0\u00bb header_3_font=\u00a0\u00bb||||||||\u00a0\u00bb header_6_font=\u00a0\u00bbPoppins|700||on|||||\u00a0\u00bb header_6_text_color=\u00a0\u00bb#646464&Prime; header_6_letter_spacing=\u00a0\u00bb1px\u00a0\u00bb header_6_line_height=\u00a0\u00bb1.7em\u00a0\u00bb background_layout=\u00a0\u00bbdark\u00a0\u00bb module_alignment=\u00a0\u00bbcenter\u00a0\u00bb custom_margin=\u00a0\u00bb|||\u00a0\u00bb custom_margin_tablet=\u00a0\u00bb0px|||\u00a0\u00bb custom_margin_phone=\u00a0\u00bb|||\u00a0\u00bb custom_margin_last_edited=\u00a0\u00bboff|desktop\u00a0\u00bb text_line_height_last_edited=\u00a0\u00bboff|desktop\u00a0\u00bb global_colors_info=\u00a0\u00bb{}\u00a0\u00bb]<\/p>\n<h6>VISITEZ-NOUS<\/h6>\n<p>Avda. de la C\u00e1mara de Industria 13.<\/p>\n<p>Pol\u00edgono n\u00ba 1<\/p>\n<p>M\u00f3stoles, 28938, Madrid<\/p>\n<p>[\/et_pb_text][\/et_pb_column][et_pb_column type=\u00a0\u00bb1_4&Prime; _builder_version=\u00a0\u00bb4.16&Prime; custom_padding=\u00a0\u00bb|||\u00a0\u00bb global_colors_info=\u00a0\u00bb{}\u00a0\u00bb custom_padding__hover=\u00a0\u00bb|||\u00a0\u00bb][et_pb_text admin_label=\u00a0\u00bbLinks\u00a0\u00bb _builder_version=\u00a0\u00bb4.16&Prime; text_font=\u00a0\u00bbPoppins|300|||||||\u00a0\u00bb text_text_color=\u00a0\u00bb#646464&Prime; text_font_size=\u00a0\u00bb15px\u00a0\u00bb text_line_height=\u00a0\u00bb1.4em\u00a0\u00bb link_font=\u00a0\u00bbOpen Sans|600|||||||\u00a0\u00bb link_text_color=\u00a0\u00bb#ffffff\u00a0\u00bb link_line_height=\u00a0\u00bb2.5em\u00a0\u00bb header_font=\u00a0\u00bb||||||||\u00a0\u00bb header_2_font=\u00a0\u00bb||||||||\u00a0\u00bb header_3_font=\u00a0\u00bb||||||||\u00a0\u00bb header_6_font=\u00a0\u00bbPoppins|700||on|||||\u00a0\u00bb header_6_text_color=\u00a0\u00bb#646464&Prime; header_6_letter_spacing=\u00a0\u00bb1px\u00a0\u00bb header_6_line_height=\u00a0\u00bb1.7em\u00a0\u00bb background_layout=\u00a0\u00bbdark\u00a0\u00bb module_alignment=\u00a0\u00bbcenter\u00a0\u00bb custom_margin=\u00a0\u00bb|||\u00a0\u00bb global_colors_info=\u00a0\u00bb{}\u00a0\u00bb]<\/p>\n<h6>CONTACTEZ-NOUS<\/h6>\n<p>91 648 00 77<\/p>\n<p>ventas@forjasvecina.es<\/p>\n<p>[\/et_pb_text][\/et_pb_column][et_pb_column type=\u00a0\u00bb1_4&Prime; _builder_version=\u00a0\u00bb4.16&Prime; custom_padding=\u00a0\u00bb|||\u00a0\u00bb global_colors_info=\u00a0\u00bb{}\u00a0\u00bb custom_padding__hover=\u00a0\u00bb|||\u00a0\u00bb][et_pb_text admin_label=\u00a0\u00bbLinks\u00a0\u00bb _builder_version=\u00a0\u00bb4.16&Prime; text_font=\u00a0\u00bbPoppins|300|||||||\u00a0\u00bb text_text_color=\u00a0\u00bb#646464&Prime; text_font_size=\u00a0\u00bb15px\u00a0\u00bb text_line_height=\u00a0\u00bb1.4em\u00a0\u00bb link_font=\u00a0\u00bbOpen Sans|600|||||||\u00a0\u00bb link_text_color=\u00a0\u00bb#ffffff\u00a0\u00bb link_line_height=\u00a0\u00bb2.5em\u00a0\u00bb header_font=\u00a0\u00bb||||||||\u00a0\u00bb header_2_font=\u00a0\u00bb||||||||\u00a0\u00bb header_3_font=\u00a0\u00bb||||||||\u00a0\u00bb header_6_font=\u00a0\u00bbPoppins|700||on|||||\u00a0\u00bb header_6_text_color=\u00a0\u00bb#646464&Prime; header_6_letter_spacing=\u00a0\u00bb1px\u00a0\u00bb header_6_line_height=\u00a0\u00bb1.7em\u00a0\u00bb background_layout=\u00a0\u00bbdark\u00a0\u00bb module_alignment=\u00a0\u00bbcenter\u00a0\u00bb custom_margin=\u00a0\u00bb||14px|||\u00a0\u00bb global_colors_info=\u00a0\u00bb{}\u00a0\u00bb]<\/p>\n<h6>INFORMATION<\/h6>\n<p><a href=\"politica-de-calidad\">Politique de qualit\u00e9<\/a><\/p>\n<p>[\/et_pb_text][et_pb_image src=\u00a0\u00bbhttps:\/\/www.forjasvecina.com\/wp-content\/uploads\/2021\/03\/9105023300_1027205.jpg\u00a0\u00bb title_text=\u00a0\u00bb9105023300_1027205&Prime; url=\u00a0\u00bbhttps:\/\/www.forjasvecina.com\/wp-content\/uploads\/2021\/03\/CERT_9001_FORJASVECINA.pdf\u00a0\u00bb url_new_window=\u00a0\u00bbon\u00a0\u00bb _builder_version=\u00a0\u00bb4.16&Prime; _module_preset=\u00a0\u00bbdefault\u00a0\u00bb width=\u00a0\u00bb75%\u00a0\u00bb global_colors_info=\u00a0\u00bb{}\u00a0\u00bb][\/et_pb_image][\/et_pb_column][\/et_pb_row][\/et_pb_section]<\/p>\n","protected":false},"excerpt":{"rendered":"<p>ACTUALIT\u00c9SForjas Vecina S.C.L. continue de travailler pour fournir plus de services \u00e0 diff\u00e9rents secteurs. D\u00e9couvrez nos nouveaut\u00e9s dans cette section.VISITEZ-NOUS Avda. de la C\u00e1mara de Industria 13. Pol\u00edgono n\u00ba 1 M\u00f3stoles, 28938, MadridCONTACTEZ-NOUS 91 648 00 77 ventas@forjasvecina.esINFORMATION Politique de qualit\u00e9<\/p>\n","protected":false},"author":1,"featured_media":0,"parent":0,"menu_order":0,"comment_status":"closed","ping_status":"closed","template":"","meta":{"_et_pb_use_builder":"on","_et_pb_old_content":"","_et_gb_content_width":"","footnotes":""},"class_list":["post-1238","page","type-page","status-publish","hentry"],"yoast_head":"<!-- This site is optimized with the Yoast SEO plugin v27.2 - https:\/\/yoast.com\/product\/yoast-seo-wordpress\/ -->\n<title>Actualit\u00e9s - Forjas Vecina | Cortados y mecanizados para piezas antidesgaste<\/title>\n<meta name=\"robots\" content=\"index, follow, max-snippet:-1, max-image-preview:large, max-video-preview:-1\" \/>\n<link rel=\"canonical\" href=\"https:\/\/www.forjasvecina.com\/fr\/actualites\/\" \/>\n<meta property=\"og:locale\" content=\"fr_FR\" \/>\n<meta property=\"og:type\" content=\"article\" \/>\n<meta property=\"og:title\" content=\"Actualit\u00e9s - Forjas Vecina | Cortados y mecanizados para piezas antidesgaste\" \/>\n<meta property=\"og:description\" content=\"ACTUALIT\u00c9SForjas Vecina S.C.L. continue de travailler pour fournir plus de services \u00e0 diff\u00e9rents secteurs. D\u00e9couvrez nos nouveaut\u00e9s dans cette section.VISITEZ-NOUS Avda. de la C\u00e1mara de Industria 13. Pol\u00edgono n\u00ba 1 M\u00f3stoles, 28938, MadridCONTACTEZ-NOUS 91 648 00 77 ventas@forjasvecina.esINFORMATION Politique de qualit\u00e9\" \/>\n<meta property=\"og:url\" content=\"https:\/\/www.forjasvecina.com\/fr\/actualites\/\" \/>\n<meta property=\"og:site_name\" content=\"Forjas Vecina | Cortados y mecanizados para piezas antidesgaste\" \/>\n<meta property=\"article:modified_time\" content=\"2023-02-06T10:20:05+00:00\" \/>\n<meta name=\"twitter:card\" content=\"summary_large_image\" \/>\n<meta name=\"twitter:label1\" content=\"Dur\u00e9e de lecture estim\u00e9e\" \/>\n\t<meta name=\"twitter:data1\" content=\"4 minutes\" \/>\n<script type=\"application\/ld+json\" class=\"yoast-schema-graph\">{\"@context\":\"https:\/\/schema.org\",\"@graph\":[{\"@type\":\"WebPage\",\"@id\":\"https:\/\/www.forjasvecina.com\/fr\/actualites\/\",\"url\":\"https:\/\/www.forjasvecina.com\/fr\/actualites\/\",\"name\":\"Actualit\u00e9s - Forjas Vecina | Cortados y mecanizados para piezas antidesgaste\",\"isPartOf\":{\"@id\":\"https:\/\/www.forjasvecina.com\/fr\/#website\"},\"datePublished\":\"2023-01-16T13:12:32+00:00\",\"dateModified\":\"2023-02-06T10:20:05+00:00\",\"breadcrumb\":{\"@id\":\"https:\/\/www.forjasvecina.com\/fr\/actualites\/#breadcrumb\"},\"inLanguage\":\"fr-FR\",\"potentialAction\":[{\"@type\":\"ReadAction\",\"target\":[\"https:\/\/www.forjasvecina.com\/fr\/actualites\/\"]}]},{\"@type\":\"BreadcrumbList\",\"@id\":\"https:\/\/www.forjasvecina.com\/fr\/actualites\/#breadcrumb\",\"itemListElement\":[{\"@type\":\"ListItem\",\"position\":1,\"name\":\"Portada\",\"item\":\"https:\/\/www.forjasvecina.com\/fr\/\"},{\"@type\":\"ListItem\",\"position\":2,\"name\":\"Actualit\u00e9s\"}]},{\"@type\":\"WebSite\",\"@id\":\"https:\/\/www.forjasvecina.com\/fr\/#website\",\"url\":\"https:\/\/www.forjasvecina.com\/fr\/\",\"name\":\"Forjas Vecina | Cortados y mecanizados para piezas antidesgaste\",\"description\":\"CORTADOS Y MECANIZADOS PARA PIEZAS ANTIDESGASTE\",\"publisher\":{\"@id\":\"https:\/\/www.forjasvecina.com\/fr\/#organization\"},\"alternateName\":\"Forjas Vecina - Cortados y mecanizados\",\"potentialAction\":[{\"@type\":\"SearchAction\",\"target\":{\"@type\":\"EntryPoint\",\"urlTemplate\":\"https:\/\/www.forjasvecina.com\/fr\/?s={search_term_string}\"},\"query-input\":{\"@type\":\"PropertyValueSpecification\",\"valueRequired\":true,\"valueName\":\"search_term_string\"}}],\"inLanguage\":\"fr-FR\"},{\"@type\":\"Organization\",\"@id\":\"https:\/\/www.forjasvecina.com\/fr\/#organization\",\"name\":\"Forjas Vecina\",\"url\":\"https:\/\/www.forjasvecina.com\/fr\/\",\"logo\":{\"@type\":\"ImageObject\",\"inLanguage\":\"fr-FR\",\"@id\":\"https:\/\/www.forjasvecina.com\/fr\/#\/schema\/logo\/image\/\",\"url\":\"https:\/\/www.forjasvecina.com\/wp-content\/uploads\/2021\/03\/logo.png\",\"contentUrl\":\"https:\/\/www.forjasvecina.com\/wp-content\/uploads\/2021\/03\/logo.png\",\"width\":230,\"height\":70,\"caption\":\"Forjas Vecina\"},\"image\":{\"@id\":\"https:\/\/www.forjasvecina.com\/fr\/#\/schema\/logo\/image\/\"}}]}<\/script>\n<!-- \/ Yoast SEO plugin. -->","yoast_head_json":{"title":"Actualit\u00e9s - Forjas Vecina | Cortados y mecanizados para piezas antidesgaste","robots":{"index":"index","follow":"follow","max-snippet":"max-snippet:-1","max-image-preview":"max-image-preview:large","max-video-preview":"max-video-preview:-1"},"canonical":"https:\/\/www.forjasvecina.com\/fr\/actualites\/","og_locale":"fr_FR","og_type":"article","og_title":"Actualit\u00e9s - Forjas Vecina | Cortados y mecanizados para piezas antidesgaste","og_description":"ACTUALIT\u00c9SForjas Vecina S.C.L. continue de travailler pour fournir plus de services \u00e0 diff\u00e9rents secteurs. D\u00e9couvrez nos nouveaut\u00e9s dans cette section.VISITEZ-NOUS Avda. de la C\u00e1mara de Industria 13. Pol\u00edgono n\u00ba 1 M\u00f3stoles, 28938, MadridCONTACTEZ-NOUS 91 648 00 77 ventas@forjasvecina.esINFORMATION Politique de qualit\u00e9","og_url":"https:\/\/www.forjasvecina.com\/fr\/actualites\/","og_site_name":"Forjas Vecina | Cortados y mecanizados para piezas antidesgaste","article_modified_time":"2023-02-06T10:20:05+00:00","twitter_card":"summary_large_image","twitter_misc":{"Dur\u00e9e de lecture estim\u00e9e":"4 minutes"},"schema":{"@context":"https:\/\/schema.org","@graph":[{"@type":"WebPage","@id":"https:\/\/www.forjasvecina.com\/fr\/actualites\/","url":"https:\/\/www.forjasvecina.com\/fr\/actualites\/","name":"Actualit\u00e9s - Forjas Vecina | Cortados y mecanizados para piezas antidesgaste","isPartOf":{"@id":"https:\/\/www.forjasvecina.com\/fr\/#website"},"datePublished":"2023-01-16T13:12:32+00:00","dateModified":"2023-02-06T10:20:05+00:00","breadcrumb":{"@id":"https:\/\/www.forjasvecina.com\/fr\/actualites\/#breadcrumb"},"inLanguage":"fr-FR","potentialAction":[{"@type":"ReadAction","target":["https:\/\/www.forjasvecina.com\/fr\/actualites\/"]}]},{"@type":"BreadcrumbList","@id":"https:\/\/www.forjasvecina.com\/fr\/actualites\/#breadcrumb","itemListElement":[{"@type":"ListItem","position":1,"name":"Portada","item":"https:\/\/www.forjasvecina.com\/fr\/"},{"@type":"ListItem","position":2,"name":"Actualit\u00e9s"}]},{"@type":"WebSite","@id":"https:\/\/www.forjasvecina.com\/fr\/#website","url":"https:\/\/www.forjasvecina.com\/fr\/","name":"Forjas Vecina | Cortados y mecanizados para piezas antidesgaste","description":"CORTADOS Y MECANIZADOS PARA PIEZAS ANTIDESGASTE","publisher":{"@id":"https:\/\/www.forjasvecina.com\/fr\/#organization"},"alternateName":"Forjas Vecina - Cortados y mecanizados","potentialAction":[{"@type":"SearchAction","target":{"@type":"EntryPoint","urlTemplate":"https:\/\/www.forjasvecina.com\/fr\/?s={search_term_string}"},"query-input":{"@type":"PropertyValueSpecification","valueRequired":true,"valueName":"search_term_string"}}],"inLanguage":"fr-FR"},{"@type":"Organization","@id":"https:\/\/www.forjasvecina.com\/fr\/#organization","name":"Forjas Vecina","url":"https:\/\/www.forjasvecina.com\/fr\/","logo":{"@type":"ImageObject","inLanguage":"fr-FR","@id":"https:\/\/www.forjasvecina.com\/fr\/#\/schema\/logo\/image\/","url":"https:\/\/www.forjasvecina.com\/wp-content\/uploads\/2021\/03\/logo.png","contentUrl":"https:\/\/www.forjasvecina.com\/wp-content\/uploads\/2021\/03\/logo.png","width":230,"height":70,"caption":"Forjas Vecina"},"image":{"@id":"https:\/\/www.forjasvecina.com\/fr\/#\/schema\/logo\/image\/"}}]}},"_links":{"self":[{"href":"https:\/\/www.forjasvecina.com\/fr\/wp-json\/wp\/v2\/pages\/1238","targetHints":{"allow":["GET"]}}],"collection":[{"href":"https:\/\/www.forjasvecina.com\/fr\/wp-json\/wp\/v2\/pages"}],"about":[{"href":"https:\/\/www.forjasvecina.com\/fr\/wp-json\/wp\/v2\/types\/page"}],"author":[{"embeddable":true,"href":"https:\/\/www.forjasvecina.com\/fr\/wp-json\/wp\/v2\/users\/1"}],"replies":[{"embeddable":true,"href":"https:\/\/www.forjasvecina.com\/fr\/wp-json\/wp\/v2\/comments?post=1238"}],"version-history":[{"count":8,"href":"https:\/\/www.forjasvecina.com\/fr\/wp-json\/wp\/v2\/pages\/1238\/revisions"}],"predecessor-version":[{"id":1259,"href":"https:\/\/www.forjasvecina.com\/fr\/wp-json\/wp\/v2\/pages\/1238\/revisions\/1259"}],"wp:attachment":[{"href":"https:\/\/www.forjasvecina.com\/fr\/wp-json\/wp\/v2\/media?parent=1238"}],"curies":[{"name":"wp","href":"https:\/\/api.w.org\/{rel}","templated":true}]}}