{"id":838,"date":"2021-03-17T16:10:59","date_gmt":"2021-03-17T15:10:59","guid":{"rendered":"https:\/\/www.forjasvecina.com\/lames-chasse-neige-anti-abrasion\/"},"modified":"2022-05-23T17:38:44","modified_gmt":"2022-05-23T17:38:44","slug":"lames-chasse-neige-anti-abrasion","status":"publish","type":"page","link":"https:\/\/www.forjasvecina.com\/fr\/lames-chasse-neige-anti-abrasion\/","title":{"rendered":"Lames Chasse-neige anti-abrasion"},"content":{"rendered":"\n[et_pb_section fb_built=\u00a0\u00bb1&Prime; _builder_version=\u00a0\u00bb4.9.2&Prime; _module_preset=\u00a0\u00bbdefault\u00a0\u00bb use_background_color_gradient=\u00a0\u00bbon\u00a0\u00bb background_color_gradient_start=\u00a0\u00bbrgba(25,5,4,0.5)\u00a0\u00bb background_color_gradient_end=\u00a0\u00bbrgba(25,5,4,0.5)\u00a0\u00bb background_color_gradient_overlays_image=\u00a0\u00bbon\u00a0\u00bb background_image=\u00a0\u00bbhttps:\/\/www.forjasvecina.com\/wp-content\/uploads\/2021\/03\/slider-cuchillas-quitanieves-1920w.jpg\u00a0\u00bb max_height_tablet=\u00a0\u00bb\u00a0\u00bb max_height_phone=\u00a0\u00bb180px\u00a0\u00bb max_height_last_edited=\u00a0\u00bbon|phone\u00a0\u00bb border_width_bottom=\u00a0\u00bb12px\u00a0\u00bb border_color_bottom=\u00a0\u00bb#ebc118&Prime;][et_pb_row _builder_version=\u00a0\u00bb4.9.2&Prime; _module_preset=\u00a0\u00bbdefault\u00a0\u00bb][et_pb_column type=\u00a0\u00bb4_4&Prime; _builder_version=\u00a0\u00bb4.9.2&Prime; _module_preset=\u00a0\u00bbdefault\u00a0\u00bb][et_pb_text _builder_version=\u00a0\u00bb4.9.2&Prime; _module_preset=\u00a0\u00bbdefault\u00a0\u00bb text_font=\u00a0\u00bbPoppins|700|||||||\u00a0\u00bb text_text_color=\u00a0\u00bb#ffffff\u00a0\u00bb text_font_size=\u00a0\u00bb35px\u00a0\u00bb text_orientation=\u00a0\u00bbcenter\u00a0\u00bb custom_margin_tablet=\u00a0\u00bb\u00a0\u00bb custom_margin_phone=\u00a0\u00bb-60px||||false|false\u00a0\u00bb custom_margin_last_edited=\u00a0\u00bbon|phone\u00a0\u00bb custom_padding_tablet=\u00a0\u00bb\u00a0\u00bb custom_padding_phone=\u00a0\u00bb||||false|false\u00a0\u00bb custom_padding_last_edited=\u00a0\u00bbon|phone\u00a0\u00bb text_font_size_tablet=\u00a0\u00bb\u00a0\u00bb text_font_size_phone=\u00a0\u00bb35px\u00a0\u00bb text_font_size_last_edited=\u00a0\u00bbon|phone\u00a0\u00bb text_line_height_tablet=\u00a0\u00bb\u00a0\u00bb text_line_height_phone=\u00a0\u00bb1.2em\u00a0\u00bb text_line_height_last_edited=\u00a0\u00bbon|phone\u00a0\u00bb]<p>LAMES CHASSE-NEIGE ANTI-ABRASION<\/p>[\/et_pb_text][\/et_pb_column][\/et_pb_row][\/et_pb_section][et_pb_section fb_built=\u00a0\u00bb1&Prime; custom_padding_last_edited=\u00a0\u00bbon|phone\u00a0\u00bb _builder_version=\u00a0\u00bb4.9.2&Prime; _module_preset=\u00a0\u00bbdefault\u00a0\u00bb custom_padding=\u00a0\u00bb50px||||false|false\u00a0\u00bb custom_padding_tablet=\u00a0\u00bb\u00a0\u00bb custom_padding_phone=\u00a0\u00bb15px||||false|false\u00a0\u00bb][et_pb_row _builder_version=\u00a0\u00bb4.9.2&Prime; _module_preset=\u00a0\u00bbdefault\u00a0\u00bb][et_pb_column type=\u00a0\u00bb4_4&Prime; _builder_version=\u00a0\u00bb4.9.2&Prime; _module_preset=\u00a0\u00bbdefault\u00a0\u00bb][et_pb_text _builder_version=\u00a0\u00bb4.9.2&Prime; _module_preset=\u00a0\u00bbdefault\u00a0\u00bb text_font=\u00a0\u00bbPoppins|300|||||||\u00a0\u00bb animation_style=\u00a0\u00bbslide\u00a0\u00bb animation_direction=\u00a0\u00bbleft\u00a0\u00bb locked=\u00a0\u00bboff\u00a0\u00bb]<p>Nous sommes le premier fabriquant national de lames en acier anti-abrasion HARDOX. La qualit\u00e9 nous accr\u00e9dite depuis plus de 50 ans. Depuis l\u2019ann\u00e9e 2004, nous disposons du certificat de qualit\u00e9 ISO-9001.<\/p>[\/et_pb_text][\/et_pb_column][\/et_pb_row][et_pb_row column_structure=\u00a0\u00bb1_4,3_4&Prime; _builder_version=\u00a0\u00bb4.9.2&Prime; _module_preset=\u00a0\u00bbdefault\u00a0\u00bb border_width_bottom=\u00a0\u00bb1px\u00a0\u00bb border_color_bottom=\u00a0\u00bb#646464&Prime;][et_pb_column type=\u00a0\u00bb1_4&Prime; _builder_version=\u00a0\u00bb4.9.2&Prime; _module_preset=\u00a0\u00bbdefault\u00a0\u00bb][et_pb_image src=\u00a0\u00bbhttps:\/\/www.forjasvecina.com\/wp-content\/uploads\/2021\/03\/cuchillas-quitanieves.jpg\u00a0\u00bb alt=\u00a0\u00bbLAMES CHASSE-NEIGE ANTI-ABRASION Forjas Vecina\u00a0\u00bb title_text=\u00a0\u00bbcuchillas-quitanieves\u00a0\u00bb _builder_version=\u00a0\u00bb4.9.2&Prime; _module_preset=\u00a0\u00bbdefault\u00a0\u00bb][\/et_pb_image][\/et_pb_column][et_pb_column type=\u00a0\u00bb3_4&Prime; _builder_version=\u00a0\u00bb4.9.2&Prime; _module_preset=\u00a0\u00bbdefault\u00a0\u00bb][et_pb_text _builder_version=\u00a0\u00bb4.9.2&Prime; _module_preset=\u00a0\u00bbdefault\u00a0\u00bb header_3_font=\u00a0\u00bbPoppins||||||||\u00a0\u00bb header_3_text_color=\u00a0\u00bb#646464&Prime; header_3_font_size=\u00a0\u00bb23px\u00a0\u00bb custom_margin=\u00a0\u00bb-2px||19px|||\u00a0\u00bb]<h3>LAMES CHASSE-NEIGE<\/h3>[\/et_pb_text][et_pb_text _builder_version=\u00a0\u00bb4.9.2&Prime; _module_preset=\u00a0\u00bbdefault\u00a0\u00bb text_font=\u00a0\u00bbPoppins|300|||||||\u00a0\u00bb text_font_size=\u00a0\u00bb14px\u00a0\u00bb custom_margin=\u00a0\u00bb1px|||||\u00a0\u00bb text_font_size_tablet=\u00a0\u00bb\u00a0\u00bb text_font_size_phone=\u00a0\u00bb16px\u00a0\u00bb text_font_size_last_edited=\u00a0\u00bbon|phone\u00a0\u00bb]<p>Nous fabriquons des lames de chasse-neige pour les principaux centres d\u2019entretien de routes. Nous garantissons l\u2019authenticit\u00e9 de l\u2019acier Hardox utilisant et d\u00e9livrant le certificat de qualit\u00e9 correspondant.<\/p>\n<p>Acier en qualit\u00e9 FV-450 et FV-500.<\/p>\n<p>Pour tout types de machines chasse-neige avec diff\u00e9rents types d\u2019\u00e9paisseurs, largeurs et dimensions, en fl\u00e8che, droites, talons et bases en polyur\u00e9thane. <\/p>[\/et_pb_text][\/et_pb_column][\/et_pb_row][et_pb_row column_structure=\u00a0\u00bb1_4,3_4&Prime; _builder_version=\u00a0\u00bb4.9.2&Prime; _module_preset=\u00a0\u00bbdefault\u00a0\u00bb link_option_url=\u00a0\u00bbhttps:\/\/www.forjasvecina.com\/fr\/lames-pour-engins-de-travaux-publics\/\u00a0\u00bb border_width_bottom=\u00a0\u00bb1px\u00a0\u00bb border_color_bottom=\u00a0\u00bb#646464&Prime;][et_pb_column type=\u00a0\u00bb1_4&Prime; _builder_version=\u00a0\u00bb4.9.2&Prime; _module_preset=\u00a0\u00bbdefault\u00a0\u00bb][et_pb_image src=\u00a0\u00bbhttps:\/\/www.forjasvecina.com\/wp-content\/uploads\/2021\/03\/hardox-450-1920w.jpg\u00a0\u00bb alt=\u00a0\u00bbhardox 450&Prime; title_text=\u00a0\u00bbhardox-450-1920w\u00a0\u00bb _builder_version=\u00a0\u00bb4.9.2&Prime; _module_preset=\u00a0\u00bbdefault\u00a0\u00bb][\/et_pb_image][\/et_pb_column][et_pb_column type=\u00a0\u00bb3_4&Prime; _builder_version=\u00a0\u00bb4.9.2&Prime; _module_preset=\u00a0\u00bbdefault\u00a0\u00bb][et_pb_text _builder_version=\u00a0\u00bb4.9.2&Prime; _module_preset=\u00a0\u00bbdefault\u00a0\u00bb header_3_font=\u00a0\u00bbPoppins||||||||\u00a0\u00bb header_3_text_color=\u00a0\u00bb#646464&Prime; header_3_font_size=\u00a0\u00bb23px\u00a0\u00bb custom_margin=\u00a0\u00bb-2px||19px|||\u00a0\u00bb]<h3>HARDOX 450<\/h3>[\/et_pb_text][et_pb_text _builder_version=\u00a0\u00bb4.9.2&Prime; _module_preset=\u00a0\u00bbdefault\u00a0\u00bb text_font=\u00a0\u00bbPoppins|300|||||||\u00a0\u00bb text_font_size=\u00a0\u00bb14px\u00a0\u00bb custom_margin=\u00a0\u00bb1px|||||\u00a0\u00bb text_font_size_tablet=\u00a0\u00bb\u00a0\u00bb text_font_size_phone=\u00a0\u00bb16px\u00a0\u00bb text_font_size_last_edited=\u00a0\u00bbon|phone\u00a0\u00bb]<p>Nous disposons de toutes les \u00e9paisseurs, avec une qualit\u00e9 et des prix tr\u00e8s comp\u00e9titifs.<\/p>\n<p>20mm | 25mm | 30mm | 32mm | 35mm<\/p>\n<p>Oxycoupage sous l\u2019eau et usin\u00e9es \u00e0 froid afin que le mat\u00e9riel conserve la duret\u00e9 exig\u00e9e.<\/p>[\/et_pb_text][\/et_pb_column][\/et_pb_row][et_pb_row column_structure=\u00a0\u00bb1_4,3_4&Prime; _builder_version=\u00a0\u00bb4.9.2&Prime; _module_preset=\u00a0\u00bbdefault\u00a0\u00bb link_option_url=\u00a0\u00bbhttps:\/\/www.forjasvecina.com\/fr\/lames-pour-engins-de-travaux-publics\/\u00a0\u00bb border_color_bottom=\u00a0\u00bb#646464&Prime; border_width_bottom=\u00a0\u00bb1px\u00a0\u00bb][et_pb_column type=\u00a0\u00bb1_4&Prime; _builder_version=\u00a0\u00bb4.9.2&Prime; _module_preset=\u00a0\u00bbdefault\u00a0\u00bb][et_pb_image src=\u00a0\u00bbhttps:\/\/www.forjasvecina.com\/wp-content\/uploads\/2021\/03\/cuchilla-quitanieve-widea.jpg\u00a0\u00bb alt=\u00a0\u00bbLAMES CHASSE-NEIGE widea\u00a0\u00bb title_text=\u00a0\u00bbcuchilla-quitanieve-widea\u00a0\u00bb _builder_version=\u00a0\u00bb4.9.2&Prime; _module_preset=\u00a0\u00bbdefault\u00a0\u00bb][\/et_pb_image][\/et_pb_column][et_pb_column type=\u00a0\u00bb3_4&Prime; _builder_version=\u00a0\u00bb4.9.2&Prime; _module_preset=\u00a0\u00bbdefault\u00a0\u00bb][et_pb_text _builder_version=\u00a0\u00bb4.9.2&Prime; _module_preset=\u00a0\u00bbdefault\u00a0\u00bb header_3_font=\u00a0\u00bbPoppins||||||||\u00a0\u00bb header_3_text_color=\u00a0\u00bb#646464&Prime; header_3_font_size=\u00a0\u00bb23px\u00a0\u00bb custom_margin=\u00a0\u00bb-2px||19px|||\u00a0\u00bb hover_enabled=\u00a0\u00bb0&Prime; sticky_enabled=\u00a0\u00bb0&Prime;]<h3>LAMES CHASSE-NEIGE ANTI-ABRASION + CARBURE DE TUNGST\u00c8NE<\/h3>[\/et_pb_text][et_pb_text _builder_version=\u00a0\u00bb4.9.2&Prime; _module_preset=\u00a0\u00bbdefault\u00a0\u00bb text_font=\u00a0\u00bbPoppins|300|||||||\u00a0\u00bb text_font_size=\u00a0\u00bb14px\u00a0\u00bb custom_margin=\u00a0\u00bb1px|||||\u00a0\u00bb hover_enabled=\u00a0\u00bb0&Prime; text_font_size_tablet=\u00a0\u00bb\u00a0\u00bb text_font_size_phone=\u00a0\u00bb16px\u00a0\u00bb text_font_size_last_edited=\u00a0\u00bbon|phone\u00a0\u00bb sticky_enabled=\u00a0\u00bb0&Prime;]<p>Avec les lames en t\u00f4le anti-abrasion et les incrustations en carbure de tungst\u00e8ne, nous obtenons un meilleur rendement.<\/p>[\/et_pb_text][\/et_pb_column][\/et_pb_row][et_pb_row column_structure=\u00a0\u00bb1_4,3_4&Prime; _builder_version=\u00a0\u00bb4.9.2&Prime; _module_preset=\u00a0\u00bbdefault\u00a0\u00bb link_option_url=\u00a0\u00bbhttps:\/\/www.forjasvecina.com\/fr\/lames-pour-engins-de-travaux-publics\/\u00a0\u00bb border_color_bottom=\u00a0\u00bb#646464&Prime;][et_pb_column type=\u00a0\u00bb1_4&Prime; _builder_version=\u00a0\u00bb4.9.2&Prime; _module_preset=\u00a0\u00bbdefault\u00a0\u00bb][et_pb_image src=\u00a0\u00bbhttps:\/\/www.forjasvecina.com\/wp-content\/uploads\/2021\/03\/46812e54-37de-43f6-bb5d-120acd049b83-1920w.jpg\u00a0\u00bb alt=\u00a0\u00bbTALONS POUR CHASSE-NEIGE Foorjas Vecina\u00a0\u00bb title_text=\u00a0\u00bb46812e54-37de-43f6-bb5d-120acd049b83-1920w\u00a0\u00bb _builder_version=\u00a0\u00bb4.9.2&Prime; _module_preset=\u00a0\u00bbdefault\u00a0\u00bb hover_enabled=\u00a0\u00bb0&Prime; sticky_enabled=\u00a0\u00bb0&Prime;][\/et_pb_image][\/et_pb_column][et_pb_column type=\u00a0\u00bb3_4&Prime; _builder_version=\u00a0\u00bb4.9.2&Prime; _module_preset=\u00a0\u00bbdefault\u00a0\u00bb][et_pb_text _builder_version=\u00a0\u00bb4.9.2&Prime; _module_preset=\u00a0\u00bbdefault\u00a0\u00bb header_3_font=\u00a0\u00bbPoppins|||on|||||\u00a0\u00bb header_3_text_color=\u00a0\u00bb#646464&Prime; header_3_font_size=\u00a0\u00bb23px\u00a0\u00bb custom_margin=\u00a0\u00bb-2px||19px|||\u00a0\u00bb hover_enabled=\u00a0\u00bb0&Prime; sticky_enabled=\u00a0\u00bb0&Prime;]<h3>TALONS POUR CHASSE-NEIGE FV-450<\/h3>[\/et_pb_text][et_pb_text _builder_version=\u00a0\u00bb4.9.2&Prime; _module_preset=\u00a0\u00bbdefault\u00a0\u00bb text_font=\u00a0\u00bbPoppins|300|||||||\u00a0\u00bb text_font_size=\u00a0\u00bb14px\u00a0\u00bb custom_margin=\u00a0\u00bb1px|||||\u00a0\u00bb hover_enabled=\u00a0\u00bb0&Prime; text_font_size_tablet=\u00a0\u00bb\u00a0\u00bb text_font_size_phone=\u00a0\u00bb16px\u00a0\u00bb text_font_size_last_edited=\u00a0\u00bbon|phone\u00a0\u00bb sticky_enabled=\u00a0\u00bb0&Prime;]<p>Talons pour chasse-neige. Qualit\u00e9 FV-450.<\/p>\n<p>L\u2019acier anti-abrasion FV-450 nous donne la garantie et la qualit\u00e9 pour que nos lames de chasse-neige aient un rendement ad\u00e9quat.<\/p>[\/et_pb_text][\/et_pb_column][\/et_pb_row][\/et_pb_section][et_pb_section fb_built=\u00a0\u00bb1&Prime; admin_label=\u00a0\u00bbFooter Section\u00a0\u00bb _builder_version=\u00a0\u00bb4.9.2&Prime; background_color=\u00a0\u00bb#cecfd1&Prime; custom_padding=\u00a0\u00bb26px|0px|47px|0px||\u00a0\u00bb global_module=\u00a0\u00bb148&Prime; saved_tabs=\u00a0\u00bball\u00a0\u00bb locked=\u00a0\u00bboff\u00a0\u00bb][et_pb_row column_structure=\u00a0\u00bb1_4,1_4,1_4,1_4&Prime; admin_label=\u00a0\u00bbFooter Row\u00a0\u00bb _builder_version=\u00a0\u00bb3.25&Prime;][et_pb_column type=\u00a0\u00bb1_4&Prime; _builder_version=\u00a0\u00bb3.25&Prime; custom_padding=\u00a0\u00bb|||\u00a0\u00bb custom_padding__hover=\u00a0\u00bb|||\u00a0\u00bb][et_pb_image src=\u00a0\u00bbhttps:\/\/www.forjasvecina.com\/wp-content\/uploads\/2021\/03\/logo.png\u00a0\u00bb alt=\u00a0\u00bbForjas Vecina\u00a0\u00bb title_text=\u00a0\u00bblogo\u00a0\u00bb align_tablet=\u00a0\u00bbcenter\u00a0\u00bb align_phone=\u00a0\u00bbleft\u00a0\u00bb align_last_edited=\u00a0\u00bbon|desktop\u00a0\u00bb admin_label=\u00a0\u00bblogo\u00a0\u00bb _builder_version=\u00a0\u00bb4.9.2&Prime; max_width=\u00a0\u00bb100%\u00a0\u00bb][\/et_pb_image][\/et_pb_column][et_pb_column type=\u00a0\u00bb1_4&Prime; _builder_version=\u00a0\u00bb3.25&Prime; custom_padding=\u00a0\u00bb|||\u00a0\u00bb custom_padding__hover=\u00a0\u00bb|||\u00a0\u00bb][et_pb_text admin_label=\u00a0\u00bbLinks\u00a0\u00bb _builder_version=\u00a0\u00bb4.9.2&Prime; text_font=\u00a0\u00bbPoppins|300|||||||\u00a0\u00bb text_text_color=\u00a0\u00bb#646464&Prime; text_font_size=\u00a0\u00bb15px\u00a0\u00bb text_line_height=\u00a0\u00bb1.4em\u00a0\u00bb link_font=\u00a0\u00bbOpen Sans|600|||||||\u00a0\u00bb link_text_color=\u00a0\u00bb#ffffff\u00a0\u00bb link_line_height=\u00a0\u00bb2.5em\u00a0\u00bb header_font=\u00a0\u00bb||||||||\u00a0\u00bb header_2_font=\u00a0\u00bb||||||||\u00a0\u00bb header_3_font=\u00a0\u00bb||||||||\u00a0\u00bb header_6_font=\u00a0\u00bbPoppins|700||on|||||\u00a0\u00bb header_6_text_color=\u00a0\u00bb#646464&Prime; header_6_letter_spacing=\u00a0\u00bb1px\u00a0\u00bb header_6_line_height=\u00a0\u00bb1.7em\u00a0\u00bb background_layout=\u00a0\u00bbdark\u00a0\u00bb module_alignment=\u00a0\u00bbcenter\u00a0\u00bb custom_margin=\u00a0\u00bb|||\u00a0\u00bb custom_margin_tablet=\u00a0\u00bb0px|||\u00a0\u00bb custom_margin_phone=\u00a0\u00bb|||\u00a0\u00bb custom_margin_last_edited=\u00a0\u00bboff|desktop\u00a0\u00bb text_line_height_last_edited=\u00a0\u00bboff|desktop\u00a0\u00bb]<h6>VISITEZ-NOUS<\/h6>\n<p>Avda. de la C\u00e1mara de Industria 13.<\/p>\n<p>Pol\u00edgono n\u00ba 1<\/p>\n<p>M\u00f3stoles, 28938, Madrid<\/p>[\/et_pb_text][\/et_pb_column][et_pb_column type=\u00a0\u00bb1_4&Prime; _builder_version=\u00a0\u00bb3.25&Prime; custom_padding=\u00a0\u00bb|||\u00a0\u00bb custom_padding__hover=\u00a0\u00bb|||\u00a0\u00bb][et_pb_text admin_label=\u00a0\u00bbLinks\u00a0\u00bb _builder_version=\u00a0\u00bb4.9.2&Prime; text_font=\u00a0\u00bbPoppins|300|||||||\u00a0\u00bb text_text_color=\u00a0\u00bb#646464&Prime; text_font_size=\u00a0\u00bb15px\u00a0\u00bb text_line_height=\u00a0\u00bb1.4em\u00a0\u00bb link_font=\u00a0\u00bbOpen Sans|600|||||||\u00a0\u00bb link_text_color=\u00a0\u00bb#ffffff\u00a0\u00bb link_line_height=\u00a0\u00bb2.5em\u00a0\u00bb header_font=\u00a0\u00bb||||||||\u00a0\u00bb header_2_font=\u00a0\u00bb||||||||\u00a0\u00bb header_3_font=\u00a0\u00bb||||||||\u00a0\u00bb header_6_font=\u00a0\u00bbPoppins|700||on|||||\u00a0\u00bb header_6_text_color=\u00a0\u00bb#646464&Prime; header_6_letter_spacing=\u00a0\u00bb1px\u00a0\u00bb header_6_line_height=\u00a0\u00bb1.7em\u00a0\u00bb background_layout=\u00a0\u00bbdark\u00a0\u00bb module_alignment=\u00a0\u00bbcenter\u00a0\u00bb custom_margin=\u00a0\u00bb|||\u00a0\u00bb]<h6>CONTACTEZ-NOUS<\/h6>\n<p>91 648 00 77<\/p>\n<p>91 647 49 77<\/p>\n<p>ventas@forjasvecina.es<\/p>[\/et_pb_text][\/et_pb_column][et_pb_column type=\u00a0\u00bb1_4&Prime; _builder_version=\u00a0\u00bb3.25&Prime; custom_padding=\u00a0\u00bb|||\u00a0\u00bb custom_padding__hover=\u00a0\u00bb|||\u00a0\u00bb][et_pb_text admin_label=\u00a0\u00bbLinks\u00a0\u00bb _builder_version=\u00a0\u00bb4.9.2&Prime; text_font=\u00a0\u00bbPoppins|300|||||||\u00a0\u00bb text_text_color=\u00a0\u00bb#646464&Prime; text_font_size=\u00a0\u00bb15px\u00a0\u00bb text_line_height=\u00a0\u00bb1.4em\u00a0\u00bb link_font=\u00a0\u00bbOpen Sans|600|||||||\u00a0\u00bb link_text_color=\u00a0\u00bb#ffffff\u00a0\u00bb link_line_height=\u00a0\u00bb2.5em\u00a0\u00bb header_font=\u00a0\u00bb||||||||\u00a0\u00bb header_2_font=\u00a0\u00bb||||||||\u00a0\u00bb header_3_font=\u00a0\u00bb||||||||\u00a0\u00bb header_6_font=\u00a0\u00bbPoppins|700||on|||||\u00a0\u00bb header_6_text_color=\u00a0\u00bb#646464&Prime; header_6_letter_spacing=\u00a0\u00bb1px\u00a0\u00bb header_6_line_height=\u00a0\u00bb1.7em\u00a0\u00bb background_layout=\u00a0\u00bbdark\u00a0\u00bb module_alignment=\u00a0\u00bbcenter\u00a0\u00bb custom_margin=\u00a0\u00bb||14px|||\u00a0\u00bb]<h6>INFORMATION<\/h6>\n<p>Politique de qualit\u00e9<\/p>[\/et_pb_text][et_pb_image src=\u00a0\u00bbhttps:\/\/www.forjasvecina.com\/wp-content\/uploads\/2021\/03\/9105023300_1027205.jpg\u00a0\u00bb title_text=\u00a0\u00bb9105023300_1027205&Prime; url=\u00a0\u00bbhttps:\/\/www.forjasvecina.com\/wp-content\/uploads\/2021\/03\/CERT_9001_FORJASVECINA.pdf\u00a0\u00bb url_new_window=\u00a0\u00bbon\u00a0\u00bb _builder_version=\u00a0\u00bb4.9.2&Prime; _module_preset=\u00a0\u00bbdefault\u00a0\u00bb width=\u00a0\u00bb75%\u00a0\u00bb][\/et_pb_image][\/et_pb_column][\/et_pb_row][\/et_pb_section]\n","protected":false},"excerpt":{"rendered":"<p>LAMES CHASSE-NEIGE ANTI-ABRASIONNous sommes le premier fabriquant national de lames en acier anti-abrasion HARDOX. La qualit\u00e9 nous accr\u00e9dite depuis plus de 50 ans. Depuis l\u2019ann\u00e9e 2004, nous disposons du certificat de qualit\u00e9 ISO-9001.LAMES CHASSE-NEIGENous fabriquons des lames de chasse-neige pour les principaux centres d\u2019entretien de routes. Nous garantissons l\u2019authenticit\u00e9 de l\u2019acier Hardox utilisant et d\u00e9livrant [&hellip;]<\/p>\n","protected":false},"author":1,"featured_media":0,"parent":0,"menu_order":0,"comment_status":"closed","ping_status":"closed","template":"","meta":{"_et_pb_use_builder":"on","_et_pb_old_content":"","_et_gb_content_width":"","footnotes":""},"class_list":["post-838","page","type-page","status-publish","hentry"],"yoast_head":"<!-- This site is optimized with the Yoast SEO plugin v27.2 - https:\/\/yoast.com\/product\/yoast-seo-wordpress\/ -->\n<title>Lames Chasse-neige anti-abrasion - Forjas Vecina | Cortados y mecanizados para piezas antidesgaste<\/title>\n<meta name=\"description\" content=\"Lames Chasse-neige anti-abrasion de Forjas Vecina, d\u00e9coup\u00e9 et usin\u00e9 pour les pi\u00e8ces anti-abrassion.\" \/>\n<meta name=\"robots\" content=\"index, follow, max-snippet:-1, max-image-preview:large, max-video-preview:-1\" \/>\n<link rel=\"canonical\" href=\"https:\/\/www.forjasvecina.com\/fr\/lames-chasse-neige-anti-abrasion\/\" \/>\n<meta property=\"og:locale\" content=\"fr_FR\" \/>\n<meta property=\"og:type\" content=\"article\" \/>\n<meta property=\"og:title\" content=\"Lames Chasse-neige anti-abrasion - Forjas Vecina | Cortados y mecanizados para piezas antidesgaste\" \/>\n<meta property=\"og:description\" content=\"Lames Chasse-neige anti-abrasion de Forjas Vecina, d\u00e9coup\u00e9 et usin\u00e9 pour les pi\u00e8ces anti-abrassion.\" \/>\n<meta property=\"og:url\" content=\"https:\/\/www.forjasvecina.com\/fr\/lames-chasse-neige-anti-abrasion\/\" \/>\n<meta property=\"og:site_name\" content=\"Forjas Vecina | Cortados y mecanizados para piezas antidesgaste\" \/>\n<meta property=\"article:modified_time\" content=\"2022-05-23T17:38:44+00:00\" \/>\n<meta name=\"twitter:card\" content=\"summary_large_image\" \/>\n<meta name=\"twitter:label1\" content=\"Dur\u00e9e de lecture estim\u00e9e\" \/>\n\t<meta name=\"twitter:data1\" content=\"7 minutes\" \/>\n<script type=\"application\/ld+json\" class=\"yoast-schema-graph\">{\"@context\":\"https:\/\/schema.org\",\"@graph\":[{\"@type\":\"WebPage\",\"@id\":\"https:\/\/www.forjasvecina.com\/fr\/lames-chasse-neige-anti-abrasion\/\",\"url\":\"https:\/\/www.forjasvecina.com\/fr\/lames-chasse-neige-anti-abrasion\/\",\"name\":\"Lames Chasse-neige anti-abrasion - Forjas Vecina | Cortados y mecanizados para piezas antidesgaste\",\"isPartOf\":{\"@id\":\"https:\/\/www.forjasvecina.com\/fr\/#website\"},\"datePublished\":\"2021-03-17T15:10:59+00:00\",\"dateModified\":\"2022-05-23T17:38:44+00:00\",\"description\":\"Lames Chasse-neige anti-abrasion de Forjas Vecina, d\u00e9coup\u00e9 et usin\u00e9 pour les pi\u00e8ces anti-abrassion.\",\"breadcrumb\":{\"@id\":\"https:\/\/www.forjasvecina.com\/fr\/lames-chasse-neige-anti-abrasion\/#breadcrumb\"},\"inLanguage\":\"fr-FR\",\"potentialAction\":[{\"@type\":\"ReadAction\",\"target\":[\"https:\/\/www.forjasvecina.com\/fr\/lames-chasse-neige-anti-abrasion\/\"]}]},{\"@type\":\"BreadcrumbList\",\"@id\":\"https:\/\/www.forjasvecina.com\/fr\/lames-chasse-neige-anti-abrasion\/#breadcrumb\",\"itemListElement\":[{\"@type\":\"ListItem\",\"position\":1,\"name\":\"Portada\",\"item\":\"https:\/\/www.forjasvecina.com\/fr\/\"},{\"@type\":\"ListItem\",\"position\":2,\"name\":\"Lames Chasse-neige anti-abrasion\"}]},{\"@type\":\"WebSite\",\"@id\":\"https:\/\/www.forjasvecina.com\/fr\/#website\",\"url\":\"https:\/\/www.forjasvecina.com\/fr\/\",\"name\":\"Forjas Vecina | Cortados y mecanizados para piezas antidesgaste\",\"description\":\"CORTADOS Y MECANIZADOS PARA PIEZAS ANTIDESGASTE\",\"publisher\":{\"@id\":\"https:\/\/www.forjasvecina.com\/fr\/#organization\"},\"alternateName\":\"Forjas Vecina - Cortados y mecanizados\",\"potentialAction\":[{\"@type\":\"SearchAction\",\"target\":{\"@type\":\"EntryPoint\",\"urlTemplate\":\"https:\/\/www.forjasvecina.com\/fr\/?s={search_term_string}\"},\"query-input\":{\"@type\":\"PropertyValueSpecification\",\"valueRequired\":true,\"valueName\":\"search_term_string\"}}],\"inLanguage\":\"fr-FR\"},{\"@type\":\"Organization\",\"@id\":\"https:\/\/www.forjasvecina.com\/fr\/#organization\",\"name\":\"Forjas Vecina\",\"url\":\"https:\/\/www.forjasvecina.com\/fr\/\",\"logo\":{\"@type\":\"ImageObject\",\"inLanguage\":\"fr-FR\",\"@id\":\"https:\/\/www.forjasvecina.com\/fr\/#\/schema\/logo\/image\/\",\"url\":\"https:\/\/www.forjasvecina.com\/wp-content\/uploads\/2021\/03\/logo.png\",\"contentUrl\":\"https:\/\/www.forjasvecina.com\/wp-content\/uploads\/2021\/03\/logo.png\",\"width\":230,\"height\":70,\"caption\":\"Forjas Vecina\"},\"image\":{\"@id\":\"https:\/\/www.forjasvecina.com\/fr\/#\/schema\/logo\/image\/\"}}]}<\/script>\n<!-- \/ Yoast SEO plugin. -->","yoast_head_json":{"title":"Lames Chasse-neige anti-abrasion - Forjas Vecina | Cortados y mecanizados para piezas antidesgaste","description":"Lames Chasse-neige anti-abrasion de Forjas Vecina, d\u00e9coup\u00e9 et usin\u00e9 pour les pi\u00e8ces anti-abrassion.","robots":{"index":"index","follow":"follow","max-snippet":"max-snippet:-1","max-image-preview":"max-image-preview:large","max-video-preview":"max-video-preview:-1"},"canonical":"https:\/\/www.forjasvecina.com\/fr\/lames-chasse-neige-anti-abrasion\/","og_locale":"fr_FR","og_type":"article","og_title":"Lames Chasse-neige anti-abrasion - Forjas Vecina | Cortados y mecanizados para piezas antidesgaste","og_description":"Lames Chasse-neige anti-abrasion de Forjas Vecina, d\u00e9coup\u00e9 et usin\u00e9 pour les pi\u00e8ces anti-abrassion.","og_url":"https:\/\/www.forjasvecina.com\/fr\/lames-chasse-neige-anti-abrasion\/","og_site_name":"Forjas Vecina | Cortados y mecanizados para piezas antidesgaste","article_modified_time":"2022-05-23T17:38:44+00:00","twitter_card":"summary_large_image","twitter_misc":{"Dur\u00e9e de lecture estim\u00e9e":"7 minutes"},"schema":{"@context":"https:\/\/schema.org","@graph":[{"@type":"WebPage","@id":"https:\/\/www.forjasvecina.com\/fr\/lames-chasse-neige-anti-abrasion\/","url":"https:\/\/www.forjasvecina.com\/fr\/lames-chasse-neige-anti-abrasion\/","name":"Lames Chasse-neige anti-abrasion - Forjas Vecina | Cortados y mecanizados para piezas antidesgaste","isPartOf":{"@id":"https:\/\/www.forjasvecina.com\/fr\/#website"},"datePublished":"2021-03-17T15:10:59+00:00","dateModified":"2022-05-23T17:38:44+00:00","description":"Lames Chasse-neige anti-abrasion de Forjas Vecina, d\u00e9coup\u00e9 et usin\u00e9 pour les pi\u00e8ces anti-abrassion.","breadcrumb":{"@id":"https:\/\/www.forjasvecina.com\/fr\/lames-chasse-neige-anti-abrasion\/#breadcrumb"},"inLanguage":"fr-FR","potentialAction":[{"@type":"ReadAction","target":["https:\/\/www.forjasvecina.com\/fr\/lames-chasse-neige-anti-abrasion\/"]}]},{"@type":"BreadcrumbList","@id":"https:\/\/www.forjasvecina.com\/fr\/lames-chasse-neige-anti-abrasion\/#breadcrumb","itemListElement":[{"@type":"ListItem","position":1,"name":"Portada","item":"https:\/\/www.forjasvecina.com\/fr\/"},{"@type":"ListItem","position":2,"name":"Lames Chasse-neige anti-abrasion"}]},{"@type":"WebSite","@id":"https:\/\/www.forjasvecina.com\/fr\/#website","url":"https:\/\/www.forjasvecina.com\/fr\/","name":"Forjas Vecina | Cortados y mecanizados para piezas antidesgaste","description":"CORTADOS Y MECANIZADOS PARA PIEZAS ANTIDESGASTE","publisher":{"@id":"https:\/\/www.forjasvecina.com\/fr\/#organization"},"alternateName":"Forjas Vecina - Cortados y mecanizados","potentialAction":[{"@type":"SearchAction","target":{"@type":"EntryPoint","urlTemplate":"https:\/\/www.forjasvecina.com\/fr\/?s={search_term_string}"},"query-input":{"@type":"PropertyValueSpecification","valueRequired":true,"valueName":"search_term_string"}}],"inLanguage":"fr-FR"},{"@type":"Organization","@id":"https:\/\/www.forjasvecina.com\/fr\/#organization","name":"Forjas Vecina","url":"https:\/\/www.forjasvecina.com\/fr\/","logo":{"@type":"ImageObject","inLanguage":"fr-FR","@id":"https:\/\/www.forjasvecina.com\/fr\/#\/schema\/logo\/image\/","url":"https:\/\/www.forjasvecina.com\/wp-content\/uploads\/2021\/03\/logo.png","contentUrl":"https:\/\/www.forjasvecina.com\/wp-content\/uploads\/2021\/03\/logo.png","width":230,"height":70,"caption":"Forjas Vecina"},"image":{"@id":"https:\/\/www.forjasvecina.com\/fr\/#\/schema\/logo\/image\/"}}]}},"_links":{"self":[{"href":"https:\/\/www.forjasvecina.com\/fr\/wp-json\/wp\/v2\/pages\/838","targetHints":{"allow":["GET"]}}],"collection":[{"href":"https:\/\/www.forjasvecina.com\/fr\/wp-json\/wp\/v2\/pages"}],"about":[{"href":"https:\/\/www.forjasvecina.com\/fr\/wp-json\/wp\/v2\/types\/page"}],"author":[{"embeddable":true,"href":"https:\/\/www.forjasvecina.com\/fr\/wp-json\/wp\/v2\/users\/1"}],"replies":[{"embeddable":true,"href":"https:\/\/www.forjasvecina.com\/fr\/wp-json\/wp\/v2\/comments?post=838"}],"version-history":[{"count":9,"href":"https:\/\/www.forjasvecina.com\/fr\/wp-json\/wp\/v2\/pages\/838\/revisions"}],"predecessor-version":[{"id":994,"href":"https:\/\/www.forjasvecina.com\/fr\/wp-json\/wp\/v2\/pages\/838\/revisions\/994"}],"wp:attachment":[{"href":"https:\/\/www.forjasvecina.com\/fr\/wp-json\/wp\/v2\/media?parent=838"}],"curies":[{"name":"wp","href":"https:\/\/api.w.org\/{rel}","templated":true}]}}