{"id":854,"date":"2021-03-23T11:54:58","date_gmt":"2021-03-23T11:54:58","guid":{"rendered":"https:\/\/www.forjasvecina.com\/politique-de-qualite\/"},"modified":"2022-05-13T17:50:18","modified_gmt":"2022-05-13T17:50:18","slug":"politique-de-qualite","status":"publish","type":"page","link":"https:\/\/www.forjasvecina.com\/fr\/politique-de-qualite\/","title":{"rendered":"Politique de qualit\u00e9"},"content":{"rendered":"\n[et_pb_section fb_built=\u00a0\u00bb1&Prime; _builder_version=\u00a0\u00bb4.9.2&Prime; _module_preset=\u00a0\u00bbdefault\u00a0\u00bb use_background_color_gradient=\u00a0\u00bbon\u00a0\u00bb background_color_gradient_start=\u00a0\u00bbrgba(25,5,4,0.5)\u00a0\u00bb background_color_gradient_end=\u00a0\u00bbrgba(25,5,4,0.5)\u00a0\u00bb background_color_gradient_overlays_image=\u00a0\u00bbon\u00a0\u00bb background_image=\u00a0\u00bbhttps:\/\/www.forjasvecina.com\/wp-content\/uploads\/2021\/03\/medios-secc-1920w.jpg\u00a0\u00bb max_height_tablet=\u00a0\u00bb\u00a0\u00bb max_height_phone=\u00a0\u00bb180px\u00a0\u00bb max_height_last_edited=\u00a0\u00bbon|phone\u00a0\u00bb border_width_bottom=\u00a0\u00bb12px\u00a0\u00bb border_color_bottom=\u00a0\u00bb#ebc118&Prime;][et_pb_row _builder_version=\u00a0\u00bb4.9.2&Prime; _module_preset=\u00a0\u00bbdefault\u00a0\u00bb][et_pb_column type=\u00a0\u00bb4_4&Prime; _builder_version=\u00a0\u00bb4.9.2&Prime; _module_preset=\u00a0\u00bbdefault\u00a0\u00bb][et_pb_text _builder_version=\u00a0\u00bb4.9.2&Prime; _module_preset=\u00a0\u00bbdefault\u00a0\u00bb text_font=\u00a0\u00bbPoppins|700|||||||\u00a0\u00bb text_text_color=\u00a0\u00bb#ffffff\u00a0\u00bb text_font_size=\u00a0\u00bb35px\u00a0\u00bb text_orientation=\u00a0\u00bbcenter\u00a0\u00bb custom_margin_tablet=\u00a0\u00bb\u00a0\u00bb custom_margin_phone=\u00a0\u00bb-60px||||false|false\u00a0\u00bb custom_margin_last_edited=\u00a0\u00bbon|phone\u00a0\u00bb custom_padding_tablet=\u00a0\u00bb\u00a0\u00bb custom_padding_phone=\u00a0\u00bb||||false|false\u00a0\u00bb custom_padding_last_edited=\u00a0\u00bbon|phone\u00a0\u00bb hover_enabled=\u00a0\u00bb0&Prime; text_font_size_tablet=\u00a0\u00bb\u00a0\u00bb text_font_size_phone=\u00a0\u00bb35px\u00a0\u00bb text_font_size_last_edited=\u00a0\u00bbon|phone\u00a0\u00bb text_line_height_tablet=\u00a0\u00bb\u00a0\u00bb text_line_height_phone=\u00a0\u00bb1.2em\u00a0\u00bb text_line_height_last_edited=\u00a0\u00bbon|phone\u00a0\u00bb sticky_enabled=\u00a0\u00bb0&Prime;]<p>POLITIQUE DE QUALIT\u00c9<\/p>[\/et_pb_text][\/et_pb_column][\/et_pb_row][\/et_pb_section][et_pb_section fb_built=\u00a0\u00bb1&Prime; custom_padding_last_edited=\u00a0\u00bbon|phone\u00a0\u00bb _builder_version=\u00a0\u00bb4.9.2&Prime; _module_preset=\u00a0\u00bbdefault\u00a0\u00bb custom_padding=\u00a0\u00bb50px||||false|false\u00a0\u00bb custom_padding_tablet=\u00a0\u00bb\u00a0\u00bb custom_padding_phone=\u00a0\u00bb15px||||false|false\u00a0\u00bb][et_pb_row _builder_version=\u00a0\u00bb4.9.2&Prime; _module_preset=\u00a0\u00bbdefault\u00a0\u00bb][et_pb_column type=\u00a0\u00bb4_4&Prime; _builder_version=\u00a0\u00bb4.9.2&Prime; _module_preset=\u00a0\u00bbdefault\u00a0\u00bb][et_pb_text _builder_version=\u00a0\u00bb4.9.2&Prime; _module_preset=\u00a0\u00bbdefault\u00a0\u00bb text_font=\u00a0\u00bbPoppins|300|||||||\u00a0\u00bb animation_direction=\u00a0\u00bbleft\u00a0\u00bb hover_enabled=\u00a0\u00bb0&Prime; sticky_enabled=\u00a0\u00bb0&Prime;]<p><strong>FORJAS VECINA, S.C.L.<\/strong>, est une entreprise engag\u00e9e \u00e0 am\u00e9liorer continuellement sa production et la livraison de ses produits, tout comme l\u2019attention \u00e0 ses clients.<\/p>\n<p>Son objectif principal est <strong>l\u2019am\u00e9lioration de la qualit\u00e9 <\/strong> dans diff\u00e9rents domaines:<\/p>\n<ul>\n<li>Qualit\u00e9 du service client<\/li>\n<li>Qualit\u00e9 de la prestation de service<\/li>\n<li>Qualit\u00e9 du produit fourni<\/li>\n<\/ul>\n<p>Cet objectif s\u2019atteint en d\u00e9veloppant les points suivants:<\/p>\n<ul>\n<li>Accomplissement des conditions requises applicables.<\/li>\n<li>Orientation totale des activit\u00e9s et d\u00e9cisions de l\u2019entreprise vers la satisfaction des n\u00e9cessit\u00e9s et expectatives de nos clients ainsi que du reste des parties int\u00e9ress\u00e9es.<\/li>\n<li>Gestion de la qualit\u00e9 de toutes les activit\u00e9s et proc\u00e9d\u00e9s afin de pouvoir garantir le service pr\u00eat\u00e9 \u00e0 nos clients.<\/li>\n<li>Consolidation de l\u2019autonomie et initiative du personnel afin qu\u2019il contribue de fa\u00e7on efficace \u00e0 la r\u00e9ussite des objectifs de l\u2019entreprise.<\/li>\n<li>Conservation de l\u2019esprit d\u2019am\u00e9lioration constante dans toutes les activit\u00e9s relatives \u00e0 la client\u00e8le.<\/li>\n<li>Orientation vers l\u2019am\u00e9lioration des ressources de l\u2019entreprise.<\/li>\n<li>Respect des conditions requises par la norme UNE-EN-ISO 9001:2015.<\/li>\n<\/ul>\n<p>La direction \u00e9tablit annuellement, afin d\u2019atteindre les objectifs g\u00e9n\u00e9raux de la politique de qualit\u00e9, des objectifs particuliers pour chaque d\u00e9partement et secteur de l\u2019entreprise. Elle \u00e9tablit \u00e0 la fois des crit\u00e8res d\u2019actions, d\u00e9signe les ressources n\u00e9cessaires et fixe des responsabilit\u00e9s envers la cons\u00e9cution du but de l\u2019entreprise.<\/p>\n<p>La direction et le personnel de cette entreprise entend et partage ce syst\u00e8me de gestion comme forme de travail pour chacune des activit\u00e9s.<\/p>\n<p>Cette politique de qualit\u00e9 a \u00e9t\u00e9 communiqu\u00e9e \u00e0 tout le personnel et elle est bien entendue, appliqu\u00e9e et maintenue \u00e0 jour sur tous les niveaux de l\u2019organisation et \u00e0 disposition de toutes les parties int\u00e9ress\u00e9es. R\u00e9guli\u00e8rement, nous r\u00e9alisons un suivi de son efficacit\u00e9 et son accomplissement.<\/p>[\/et_pb_text][\/et_pb_column][\/et_pb_row][\/et_pb_section][et_pb_section fb_built=\u00a0\u00bb1&Prime; admin_label=\u00a0\u00bbFooter Section\u00a0\u00bb _builder_version=\u00a0\u00bb4.9.2&Prime; background_color=\u00a0\u00bb#cecfd1&Prime; custom_padding=\u00a0\u00bb26px|0px|47px|0px||\u00a0\u00bb global_module=\u00a0\u00bb148&Prime; saved_tabs=\u00a0\u00bball\u00a0\u00bb locked=\u00a0\u00bboff\u00a0\u00bb][et_pb_row column_structure=\u00a0\u00bb1_4,1_4,1_4,1_4&Prime; admin_label=\u00a0\u00bbFooter Row\u00a0\u00bb _builder_version=\u00a0\u00bb3.25&Prime;][et_pb_column type=\u00a0\u00bb1_4&Prime; _builder_version=\u00a0\u00bb3.25&Prime; custom_padding=\u00a0\u00bb|||\u00a0\u00bb custom_padding__hover=\u00a0\u00bb|||\u00a0\u00bb][et_pb_image src=\u00a0\u00bbhttps:\/\/www.forjasvecina.com\/wp-content\/uploads\/2021\/03\/logo.png\u00a0\u00bb alt=\u00a0\u00bbForjas Vecina\u00a0\u00bb title_text=\u00a0\u00bblogo\u00a0\u00bb align_tablet=\u00a0\u00bbcenter\u00a0\u00bb align_phone=\u00a0\u00bbleft\u00a0\u00bb align_last_edited=\u00a0\u00bbon|desktop\u00a0\u00bb admin_label=\u00a0\u00bblogo\u00a0\u00bb _builder_version=\u00a0\u00bb4.9.2&Prime; max_width=\u00a0\u00bb100%\u00a0\u00bb][\/et_pb_image][\/et_pb_column][et_pb_column type=\u00a0\u00bb1_4&Prime; _builder_version=\u00a0\u00bb3.25&Prime; custom_padding=\u00a0\u00bb|||\u00a0\u00bb custom_padding__hover=\u00a0\u00bb|||\u00a0\u00bb][et_pb_text admin_label=\u00a0\u00bbLinks\u00a0\u00bb _builder_version=\u00a0\u00bb4.9.2&Prime; text_font=\u00a0\u00bbPoppins|300|||||||\u00a0\u00bb text_text_color=\u00a0\u00bb#646464&Prime; text_font_size=\u00a0\u00bb15px\u00a0\u00bb text_line_height=\u00a0\u00bb1.4em\u00a0\u00bb link_font=\u00a0\u00bbOpen Sans|600|||||||\u00a0\u00bb link_text_color=\u00a0\u00bb#ffffff\u00a0\u00bb link_line_height=\u00a0\u00bb2.5em\u00a0\u00bb header_font=\u00a0\u00bb||||||||\u00a0\u00bb header_2_font=\u00a0\u00bb||||||||\u00a0\u00bb header_3_font=\u00a0\u00bb||||||||\u00a0\u00bb header_6_font=\u00a0\u00bbPoppins|700||on|||||\u00a0\u00bb header_6_text_color=\u00a0\u00bb#646464&Prime; header_6_letter_spacing=\u00a0\u00bb1px\u00a0\u00bb header_6_line_height=\u00a0\u00bb1.7em\u00a0\u00bb background_layout=\u00a0\u00bbdark\u00a0\u00bb module_alignment=\u00a0\u00bbcenter\u00a0\u00bb custom_margin=\u00a0\u00bb|||\u00a0\u00bb custom_margin_tablet=\u00a0\u00bb0px|||\u00a0\u00bb custom_margin_phone=\u00a0\u00bb|||\u00a0\u00bb custom_margin_last_edited=\u00a0\u00bboff|desktop\u00a0\u00bb text_line_height_last_edited=\u00a0\u00bboff|desktop\u00a0\u00bb]<h6>VISITEZ-NOUS<\/h6>\n<p>Avda. de la C\u00e1mara de Industria 13.<\/p>\n<p>Pol\u00edgono n\u00ba 1<\/p>\n<p>M\u00f3stoles, 28938, Madrid<\/p>[\/et_pb_text][\/et_pb_column][et_pb_column type=\u00a0\u00bb1_4&Prime; _builder_version=\u00a0\u00bb3.25&Prime; custom_padding=\u00a0\u00bb|||\u00a0\u00bb custom_padding__hover=\u00a0\u00bb|||\u00a0\u00bb][et_pb_text admin_label=\u00a0\u00bbLinks\u00a0\u00bb _builder_version=\u00a0\u00bb4.9.2&Prime; text_font=\u00a0\u00bbPoppins|300|||||||\u00a0\u00bb text_text_color=\u00a0\u00bb#646464&Prime; text_font_size=\u00a0\u00bb15px\u00a0\u00bb text_line_height=\u00a0\u00bb1.4em\u00a0\u00bb link_font=\u00a0\u00bbOpen Sans|600|||||||\u00a0\u00bb link_text_color=\u00a0\u00bb#ffffff\u00a0\u00bb link_line_height=\u00a0\u00bb2.5em\u00a0\u00bb header_font=\u00a0\u00bb||||||||\u00a0\u00bb header_2_font=\u00a0\u00bb||||||||\u00a0\u00bb header_3_font=\u00a0\u00bb||||||||\u00a0\u00bb header_6_font=\u00a0\u00bbPoppins|700||on|||||\u00a0\u00bb header_6_text_color=\u00a0\u00bb#646464&Prime; header_6_letter_spacing=\u00a0\u00bb1px\u00a0\u00bb header_6_line_height=\u00a0\u00bb1.7em\u00a0\u00bb background_layout=\u00a0\u00bbdark\u00a0\u00bb module_alignment=\u00a0\u00bbcenter\u00a0\u00bb custom_margin=\u00a0\u00bb|||\u00a0\u00bb]<h6>CONTACTEZ-NOUS<\/h6>\n<p>91 648 00 77<\/p>\n<p>91 647 49 77<\/p>\n<p>ventas@forjasvecina.es<\/p>[\/et_pb_text][\/et_pb_column][et_pb_column type=\u00a0\u00bb1_4&Prime; _builder_version=\u00a0\u00bb3.25&Prime; custom_padding=\u00a0\u00bb|||\u00a0\u00bb custom_padding__hover=\u00a0\u00bb|||\u00a0\u00bb][et_pb_text admin_label=\u00a0\u00bbLinks\u00a0\u00bb _builder_version=\u00a0\u00bb4.9.2&Prime; text_font=\u00a0\u00bbPoppins|300|||||||\u00a0\u00bb text_text_color=\u00a0\u00bb#646464&Prime; text_font_size=\u00a0\u00bb15px\u00a0\u00bb text_line_height=\u00a0\u00bb1.4em\u00a0\u00bb link_font=\u00a0\u00bbOpen Sans|600|||||||\u00a0\u00bb link_text_color=\u00a0\u00bb#ffffff\u00a0\u00bb link_line_height=\u00a0\u00bb2.5em\u00a0\u00bb header_font=\u00a0\u00bb||||||||\u00a0\u00bb header_2_font=\u00a0\u00bb||||||||\u00a0\u00bb header_3_font=\u00a0\u00bb||||||||\u00a0\u00bb header_6_font=\u00a0\u00bbPoppins|700||on|||||\u00a0\u00bb header_6_text_color=\u00a0\u00bb#646464&Prime; header_6_letter_spacing=\u00a0\u00bb1px\u00a0\u00bb header_6_line_height=\u00a0\u00bb1.7em\u00a0\u00bb background_layout=\u00a0\u00bbdark\u00a0\u00bb module_alignment=\u00a0\u00bbcenter\u00a0\u00bb custom_margin=\u00a0\u00bb||14px|||\u00a0\u00bb]<h6>INFORMATION<\/h6>\n<p>Politique de qualit\u00e9<\/p>[\/et_pb_text][et_pb_image src=\u00a0\u00bbhttps:\/\/www.forjasvecina.com\/wp-content\/uploads\/2021\/03\/9105023300_1027205.jpg\u00a0\u00bb title_text=\u00a0\u00bb9105023300_1027205&Prime; url=\u00a0\u00bbhttps:\/\/www.forjasvecina.com\/wp-content\/uploads\/2021\/03\/CERT_9001_FORJASVECINA.pdf\u00a0\u00bb url_new_window=\u00a0\u00bbon\u00a0\u00bb _builder_version=\u00a0\u00bb4.9.2&Prime; _module_preset=\u00a0\u00bbdefault\u00a0\u00bb width=\u00a0\u00bb75%\u00a0\u00bb][\/et_pb_image][\/et_pb_column][\/et_pb_row][\/et_pb_section]\n","protected":false},"excerpt":{"rendered":"<p>POLITIQUE DE QUALIT\u00c9FORJAS VECINA, S.C.L., est une entreprise engag\u00e9e \u00e0 am\u00e9liorer continuellement sa production et la livraison de ses produits, tout comme l\u2019attention \u00e0 ses clients. Son objectif principal est l\u2019am\u00e9lioration de la qualit\u00e9 dans diff\u00e9rents domaines: Qualit\u00e9 du service client Qualit\u00e9 de la prestation de service Qualit\u00e9 du produit fourni Cet objectif s\u2019atteint en [&hellip;]<\/p>\n","protected":false},"author":1,"featured_media":0,"parent":0,"menu_order":0,"comment_status":"closed","ping_status":"closed","template":"","meta":{"_et_pb_use_builder":"on","_et_pb_old_content":"","_et_gb_content_width":"","footnotes":""},"class_list":["post-854","page","type-page","status-publish","hentry"],"yoast_head":"<!-- This site is optimized with the Yoast SEO plugin v27.2 - https:\/\/yoast.com\/product\/yoast-seo-wordpress\/ -->\n<title>Politique de qualit\u00e9 - Forjas Vecina | Cortados y mecanizados para piezas antidesgaste<\/title>\n<meta name=\"description\" content=\"FORJAS VECINA s&#039;engage \u00e0 am\u00e9liorer continuellement la production et la livraison de ses produits, ainsi que son service client.\" \/>\n<meta name=\"robots\" content=\"index, follow, max-snippet:-1, max-image-preview:large, max-video-preview:-1\" \/>\n<link rel=\"canonical\" href=\"https:\/\/www.forjasvecina.com\/fr\/politique-de-qualite\/\" \/>\n<meta property=\"og:locale\" content=\"fr_FR\" \/>\n<meta property=\"og:type\" content=\"article\" \/>\n<meta property=\"og:title\" content=\"Politique de qualit\u00e9 - Forjas Vecina | Cortados y mecanizados para piezas antidesgaste\" \/>\n<meta property=\"og:description\" content=\"FORJAS VECINA s&#039;engage \u00e0 am\u00e9liorer continuellement la production et la livraison de ses produits, ainsi que son service client.\" \/>\n<meta property=\"og:url\" content=\"https:\/\/www.forjasvecina.com\/fr\/politique-de-qualite\/\" \/>\n<meta property=\"og:site_name\" content=\"Forjas Vecina | Cortados y mecanizados para piezas antidesgaste\" \/>\n<meta property=\"article:modified_time\" content=\"2022-05-13T17:50:18+00:00\" \/>\n<meta name=\"twitter:card\" content=\"summary_large_image\" \/>\n<meta name=\"twitter:label1\" content=\"Dur\u00e9e de lecture estim\u00e9e\" \/>\n\t<meta name=\"twitter:data1\" content=\"5 minutes\" \/>\n<script type=\"application\/ld+json\" class=\"yoast-schema-graph\">{\"@context\":\"https:\/\/schema.org\",\"@graph\":[{\"@type\":\"WebPage\",\"@id\":\"https:\/\/www.forjasvecina.com\/fr\/politique-de-qualite\/\",\"url\":\"https:\/\/www.forjasvecina.com\/fr\/politique-de-qualite\/\",\"name\":\"Politique de qualit\u00e9 - Forjas Vecina | Cortados y mecanizados para piezas antidesgaste\",\"isPartOf\":{\"@id\":\"https:\/\/www.forjasvecina.com\/fr\/#website\"},\"datePublished\":\"2021-03-23T11:54:58+00:00\",\"dateModified\":\"2022-05-13T17:50:18+00:00\",\"description\":\"FORJAS VECINA s'engage \u00e0 am\u00e9liorer continuellement la production et la livraison de ses produits, ainsi que son service client.\",\"breadcrumb\":{\"@id\":\"https:\/\/www.forjasvecina.com\/fr\/politique-de-qualite\/#breadcrumb\"},\"inLanguage\":\"fr-FR\",\"potentialAction\":[{\"@type\":\"ReadAction\",\"target\":[\"https:\/\/www.forjasvecina.com\/fr\/politique-de-qualite\/\"]}]},{\"@type\":\"BreadcrumbList\",\"@id\":\"https:\/\/www.forjasvecina.com\/fr\/politique-de-qualite\/#breadcrumb\",\"itemListElement\":[{\"@type\":\"ListItem\",\"position\":1,\"name\":\"Portada\",\"item\":\"https:\/\/www.forjasvecina.com\/fr\/\"},{\"@type\":\"ListItem\",\"position\":2,\"name\":\"Politique de qualit\u00e9\"}]},{\"@type\":\"WebSite\",\"@id\":\"https:\/\/www.forjasvecina.com\/fr\/#website\",\"url\":\"https:\/\/www.forjasvecina.com\/fr\/\",\"name\":\"Forjas Vecina | Cortados y mecanizados para piezas antidesgaste\",\"description\":\"CORTADOS Y MECANIZADOS PARA PIEZAS ANTIDESGASTE\",\"publisher\":{\"@id\":\"https:\/\/www.forjasvecina.com\/fr\/#organization\"},\"alternateName\":\"Forjas Vecina - Cortados y mecanizados\",\"potentialAction\":[{\"@type\":\"SearchAction\",\"target\":{\"@type\":\"EntryPoint\",\"urlTemplate\":\"https:\/\/www.forjasvecina.com\/fr\/?s={search_term_string}\"},\"query-input\":{\"@type\":\"PropertyValueSpecification\",\"valueRequired\":true,\"valueName\":\"search_term_string\"}}],\"inLanguage\":\"fr-FR\"},{\"@type\":\"Organization\",\"@id\":\"https:\/\/www.forjasvecina.com\/fr\/#organization\",\"name\":\"Forjas Vecina\",\"url\":\"https:\/\/www.forjasvecina.com\/fr\/\",\"logo\":{\"@type\":\"ImageObject\",\"inLanguage\":\"fr-FR\",\"@id\":\"https:\/\/www.forjasvecina.com\/fr\/#\/schema\/logo\/image\/\",\"url\":\"https:\/\/www.forjasvecina.com\/wp-content\/uploads\/2021\/03\/logo.png\",\"contentUrl\":\"https:\/\/www.forjasvecina.com\/wp-content\/uploads\/2021\/03\/logo.png\",\"width\":230,\"height\":70,\"caption\":\"Forjas Vecina\"},\"image\":{\"@id\":\"https:\/\/www.forjasvecina.com\/fr\/#\/schema\/logo\/image\/\"}}]}<\/script>\n<!-- \/ Yoast SEO plugin. -->","yoast_head_json":{"title":"Politique de qualit\u00e9 - Forjas Vecina | Cortados y mecanizados para piezas antidesgaste","description":"FORJAS VECINA s'engage \u00e0 am\u00e9liorer continuellement la production et la livraison de ses produits, ainsi que son service client.","robots":{"index":"index","follow":"follow","max-snippet":"max-snippet:-1","max-image-preview":"max-image-preview:large","max-video-preview":"max-video-preview:-1"},"canonical":"https:\/\/www.forjasvecina.com\/fr\/politique-de-qualite\/","og_locale":"fr_FR","og_type":"article","og_title":"Politique de qualit\u00e9 - Forjas Vecina | Cortados y mecanizados para piezas antidesgaste","og_description":"FORJAS VECINA s'engage \u00e0 am\u00e9liorer continuellement la production et la livraison de ses produits, ainsi que son service client.","og_url":"https:\/\/www.forjasvecina.com\/fr\/politique-de-qualite\/","og_site_name":"Forjas Vecina | Cortados y mecanizados para piezas antidesgaste","article_modified_time":"2022-05-13T17:50:18+00:00","twitter_card":"summary_large_image","twitter_misc":{"Dur\u00e9e de lecture estim\u00e9e":"5 minutes"},"schema":{"@context":"https:\/\/schema.org","@graph":[{"@type":"WebPage","@id":"https:\/\/www.forjasvecina.com\/fr\/politique-de-qualite\/","url":"https:\/\/www.forjasvecina.com\/fr\/politique-de-qualite\/","name":"Politique de qualit\u00e9 - Forjas Vecina | Cortados y mecanizados para piezas antidesgaste","isPartOf":{"@id":"https:\/\/www.forjasvecina.com\/fr\/#website"},"datePublished":"2021-03-23T11:54:58+00:00","dateModified":"2022-05-13T17:50:18+00:00","description":"FORJAS VECINA s'engage \u00e0 am\u00e9liorer continuellement la production et la livraison de ses produits, ainsi que son service client.","breadcrumb":{"@id":"https:\/\/www.forjasvecina.com\/fr\/politique-de-qualite\/#breadcrumb"},"inLanguage":"fr-FR","potentialAction":[{"@type":"ReadAction","target":["https:\/\/www.forjasvecina.com\/fr\/politique-de-qualite\/"]}]},{"@type":"BreadcrumbList","@id":"https:\/\/www.forjasvecina.com\/fr\/politique-de-qualite\/#breadcrumb","itemListElement":[{"@type":"ListItem","position":1,"name":"Portada","item":"https:\/\/www.forjasvecina.com\/fr\/"},{"@type":"ListItem","position":2,"name":"Politique de qualit\u00e9"}]},{"@type":"WebSite","@id":"https:\/\/www.forjasvecina.com\/fr\/#website","url":"https:\/\/www.forjasvecina.com\/fr\/","name":"Forjas Vecina | Cortados y mecanizados para piezas antidesgaste","description":"CORTADOS Y MECANIZADOS PARA PIEZAS ANTIDESGASTE","publisher":{"@id":"https:\/\/www.forjasvecina.com\/fr\/#organization"},"alternateName":"Forjas Vecina - Cortados y mecanizados","potentialAction":[{"@type":"SearchAction","target":{"@type":"EntryPoint","urlTemplate":"https:\/\/www.forjasvecina.com\/fr\/?s={search_term_string}"},"query-input":{"@type":"PropertyValueSpecification","valueRequired":true,"valueName":"search_term_string"}}],"inLanguage":"fr-FR"},{"@type":"Organization","@id":"https:\/\/www.forjasvecina.com\/fr\/#organization","name":"Forjas Vecina","url":"https:\/\/www.forjasvecina.com\/fr\/","logo":{"@type":"ImageObject","inLanguage":"fr-FR","@id":"https:\/\/www.forjasvecina.com\/fr\/#\/schema\/logo\/image\/","url":"https:\/\/www.forjasvecina.com\/wp-content\/uploads\/2021\/03\/logo.png","contentUrl":"https:\/\/www.forjasvecina.com\/wp-content\/uploads\/2021\/03\/logo.png","width":230,"height":70,"caption":"Forjas Vecina"},"image":{"@id":"https:\/\/www.forjasvecina.com\/fr\/#\/schema\/logo\/image\/"}}]}},"_links":{"self":[{"href":"https:\/\/www.forjasvecina.com\/fr\/wp-json\/wp\/v2\/pages\/854","targetHints":{"allow":["GET"]}}],"collection":[{"href":"https:\/\/www.forjasvecina.com\/fr\/wp-json\/wp\/v2\/pages"}],"about":[{"href":"https:\/\/www.forjasvecina.com\/fr\/wp-json\/wp\/v2\/types\/page"}],"author":[{"embeddable":true,"href":"https:\/\/www.forjasvecina.com\/fr\/wp-json\/wp\/v2\/users\/1"}],"replies":[{"embeddable":true,"href":"https:\/\/www.forjasvecina.com\/fr\/wp-json\/wp\/v2\/comments?post=854"}],"version-history":[{"count":1,"href":"https:\/\/www.forjasvecina.com\/fr\/wp-json\/wp\/v2\/pages\/854\/revisions"}],"predecessor-version":[{"id":855,"href":"https:\/\/www.forjasvecina.com\/fr\/wp-json\/wp\/v2\/pages\/854\/revisions\/855"}],"wp:attachment":[{"href":"https:\/\/www.forjasvecina.com\/fr\/wp-json\/wp\/v2\/media?parent=854"}],"curies":[{"name":"wp","href":"https:\/\/api.w.org\/{rel}","templated":true}]}}