{"id":856,"date":"2021-03-23T13:21:26","date_gmt":"2021-03-23T13:21:26","guid":{"rendered":"https:\/\/www.forjasvecina.com\/politique-de-cookies\/"},"modified":"2022-05-13T18:01:32","modified_gmt":"2022-05-13T18:01:32","slug":"politique-de-cookies","status":"publish","type":"page","link":"https:\/\/www.forjasvecina.com\/fr\/politique-de-cookies\/","title":{"rendered":"Politique de cookies"},"content":{"rendered":"<p>[et_pb_section fb_built=\u00a0\u00bb1&Prime; _builder_version=\u00a0\u00bb4.9.2&Prime; _module_preset=\u00a0\u00bbdefault\u00a0\u00bb use_background_color_gradient=\u00a0\u00bbon\u00a0\u00bb background_color_gradient_start=\u00a0\u00bbrgba(25,5,4,0.5)\u00a0\u00bb background_color_gradient_end=\u00a0\u00bbrgba(25,5,4,0.5)\u00a0\u00bb background_color_gradient_overlays_image=\u00a0\u00bbon\u00a0\u00bb background_image=\u00a0\u00bbhttps:\/\/www.forjasvecina.com\/wp-content\/uploads\/2021\/03\/medios-secc-1920w.jpg\u00a0\u00bb max_height_tablet=\u00a0\u00bb\u00a0\u00bb max_height_phone=\u00a0\u00bb180px\u00a0\u00bb max_height_last_edited=\u00a0\u00bbon|phone\u00a0\u00bb border_width_bottom=\u00a0\u00bb12px\u00a0\u00bb border_color_bottom=\u00a0\u00bb#ebc118&Prime;][et_pb_row _builder_version=\u00a0\u00bb4.9.2&Prime; _module_preset=\u00a0\u00bbdefault\u00a0\u00bb][et_pb_column type=\u00a0\u00bb4_4&Prime; _builder_version=\u00a0\u00bb4.9.2&Prime; _module_preset=\u00a0\u00bbdefault\u00a0\u00bb][et_pb_text _builder_version=\u00a0\u00bb4.9.2&Prime; _module_preset=\u00a0\u00bbdefault\u00a0\u00bb text_font=\u00a0\u00bbPoppins|700|||||||\u00a0\u00bb text_text_color=\u00a0\u00bb#ffffff\u00a0\u00bb text_font_size=\u00a0\u00bb35px\u00a0\u00bb text_orientation=\u00a0\u00bbcenter\u00a0\u00bb custom_margin_tablet=\u00a0\u00bb\u00a0\u00bb custom_margin_phone=\u00a0\u00bb-60px||||false|false\u00a0\u00bb custom_margin_last_edited=\u00a0\u00bbon|phone\u00a0\u00bb custom_padding_tablet=\u00a0\u00bb\u00a0\u00bb custom_padding_phone=\u00a0\u00bb||||false|false\u00a0\u00bb custom_padding_last_edited=\u00a0\u00bbon|phone\u00a0\u00bb text_font_size_tablet=\u00a0\u00bb\u00a0\u00bb text_font_size_phone=\u00a0\u00bb35px\u00a0\u00bb text_font_size_last_edited=\u00a0\u00bbon|phone\u00a0\u00bb text_line_height_tablet=\u00a0\u00bb\u00a0\u00bb text_line_height_phone=\u00a0\u00bb1.2em\u00a0\u00bb text_line_height_last_edited=\u00a0\u00bbon|phone\u00a0\u00bb]<\/p>\n<p>POLITIQUE DES COOKIES<\/p>\n<p>[\/et_pb_text][\/et_pb_column][\/et_pb_row][\/et_pb_section][et_pb_section fb_built=\u00a0\u00bb1&Prime; custom_padding_last_edited=\u00a0\u00bbon|phone\u00a0\u00bb _builder_version=\u00a0\u00bb4.9.2&Prime; _module_preset=\u00a0\u00bbdefault\u00a0\u00bb custom_padding=\u00a0\u00bb50px||||false|false\u00a0\u00bb custom_padding_tablet=\u00a0\u00bb\u00a0\u00bb custom_padding_phone=\u00a0\u00bb15px||||false|false\u00a0\u00bb][et_pb_row _builder_version=\u00a0\u00bb4.9.2&Prime; _module_preset=\u00a0\u00bbdefault\u00a0\u00bb][et_pb_column type=\u00a0\u00bb4_4&Prime; _builder_version=\u00a0\u00bb4.9.2&Prime; _module_preset=\u00a0\u00bbdefault\u00a0\u00bb][et_pb_text _builder_version=\u00a0\u00bb4.9.2&Prime; _module_preset=\u00a0\u00bbdefault\u00a0\u00bb header_2_font=\u00a0\u00bbPoppins|700|||||||\u00a0\u00bb header_2_text_color=\u00a0\u00bb#646464&Prime; header_2_font_size=\u00a0\u00bb24px\u00a0\u00bb]<\/p>\n<h2>Que sont les cookies?<\/h2>\n<p>[\/et_pb_text][et_pb_text _builder_version=\u00a0\u00bb4.9.2&Prime; _module_preset=\u00a0\u00bbdefault\u00a0\u00bb text_font=\u00a0\u00bbPoppins|300|||||||\u00a0\u00bb animation_direction=\u00a0\u00bbleft\u00a0\u00bb]<\/p>\n<p>Un cookie est un dossier ou dispositif qui se t\u00e9l\u00e9charge dans le terminal d\u2019un utilisateur afin de stocker des donn\u00e9es qui pourraient \u00eatre utilis\u00e9es et r\u00e9cup\u00e9r\u00e9es par l\u2019entit\u00e9 responsable de son installation. C\u2019est-\u00e0-dire, c\u2019est un fichier qui se t\u00e9l\u00e9charge dans votre ordinateur en acc\u00e9dant \u00e0 certaines pages web. Les cookies permettent \u00e0 une page web, entre autres, de stocker et r\u00e9cup\u00e9rer des informations sur les habitudes de navigation d\u2019un utilisateur ou de son \u00e9quipement, ils peuvent \u00eatre utilis\u00e9s pour reconna\u00eetre l\u2019utilisateur.<\/p>\n<p>Ses principales fonctions sont:<\/p>\n<ul>\n<li>G\u00e9rer le contr\u00f4le des utilisateurs: quand un utilisateur introduit son nom d\u2019utilisateur et mot de passe, un cookie se stocke pour qu\u2019il n\u2019est pas \u00e0 l\u2019introduire sur chaque page du serveur. Cependant, un cookie n\u2019identifie pas \u00e0 une seule personne, sinon \u00e0 une combinaison d\u2019ordinateur-navigateur-utilisateur.<\/li>\n<li>Obtenir information sur les habitudes de navigation de l\u2019utilisateur, et tentative de spyware (programme espion), de la part des agences de publicit\u00e9 ou autres. Ceci peut causer des probl\u00e8mes de privacit\u00e9 et une des raisons pour laquelle les cookies ont leurs d\u00e9tracteurs.<\/li>\n<\/ul>\n<p>Il existe diff\u00e9rents types de cookies en fonction surtout de la finalit\u00e9 pour laquelle ils sont utilis\u00e9s, ils sont ainsi diff\u00e9renci\u00e9s, entre autres par les suivantes:<\/p>\n<p><strong>Cookies d\u2019analyses:<\/strong> : ces cookies s\u2019utilisent afin d\u2019analyser les comportements et actions des utilisateurs de la page web tout comme pour l\u2019\u00e9laboration de profils de navigation destin\u00e9 \u00e0 r\u00e9aliser des am\u00e9liorations techniques de fonctionnement et de services.<br \/><strong>Cookies publicitaires:<\/strong> permettent une gestion efficace des espaces publicitaires bas\u00e9e sur une s\u00e9rie de crit\u00e8res, par exemple, v\u00e9rifier si l\u2019utilisateur a d\u00e9j\u00e0 eu acc\u00e8s ou non \u00e0 une information pour proc\u00e9der \u00e0 l\u2019actualiser par une nouvelle information.<br \/><strong>Cookies de publicit\u00e9 comportementale:<\/strong> ces cookies sont charg\u00e9s de stocker l\u2019information du propre comportement des utilisateurs en se centrant sur des habitudes de navigation. Cela permet d\u2019\u00e9tablir des profils d\u2019utilisateurs en fonction de leur comportement et les utiliser pour personnaliser la publicit\u00e9 pr\u00e9sent\u00e9e.<\/p>\n<p>Si l\u2019utilisateur souhaite recevoir plus d\u2019information sur les cookies, il peut consulter le site web suivant: <strong><a href=\"http:\/\/www.aboutcookies.org\/\">http:\/\/www.aboutcookies.org\/<\/a><\/strong>.<\/p>\n<p>[\/et_pb_text][\/et_pb_column][\/et_pb_row][et_pb_row _builder_version=\u00a0\u00bb4.9.2&Prime; _module_preset=\u00a0\u00bbdefault\u00a0\u00bb][et_pb_column type=\u00a0\u00bb4_4&Prime; _builder_version=\u00a0\u00bb4.9.2&Prime; _module_preset=\u00a0\u00bbdefault\u00a0\u00bb][et_pb_text _builder_version=\u00a0\u00bb4.9.2&Prime; _module_preset=\u00a0\u00bbdefault\u00a0\u00bb header_2_font=\u00a0\u00bbPoppins|700|||||||\u00a0\u00bb header_2_text_color=\u00a0\u00bb#646464&Prime; header_2_font_size=\u00a0\u00bb24px\u00a0\u00bb]<\/p>\n<h2>Quel type de cookies sont utilis\u00e9s sur cette page web?<\/h2>\n<p>[\/et_pb_text][et_pb_text _builder_version=\u00a0\u00bb4.9.4&Prime; _module_preset=\u00a0\u00bbdefault\u00a0\u00bb text_font=\u00a0\u00bbPoppins|300|||||||\u00a0\u00bb animation_direction=\u00a0\u00bbleft\u00a0\u00bb hover_enabled=\u00a0\u00bb0&Prime; sticky_enabled=\u00a0\u00bb0&Prime;]<\/p>\n<p>La pr\u00e9sente page web utilise les cookies qui permettent de faciliter \u00e0 l\u2019utilisateur l\u2019usage et la navigation \u00e0 travers de celle-ci, garantissant l\u2019acc\u00e8s \u00e0 certains services, tout comme \u00e0 am\u00e9liorer la configuration fonctionnelle de la web.<br \/>Concr\u00e8tement cette page web utilise les cookies suivants:<\/p>\n<p><strong>Type:<\/strong> Analyse<br \/><strong>Nom:<\/strong> Google Analytics<br \/><strong>De session\/Persistent:<\/strong> De session<br \/><strong>Propes\/Tiers:<\/strong> Propes<\/p>\n<p>[\/et_pb_text][\/et_pb_column][\/et_pb_row][et_pb_row _builder_version=\u00a0\u00bb4.9.2&Prime; _module_preset=\u00a0\u00bbdefault\u00a0\u00bb][et_pb_column type=\u00a0\u00bb4_4&Prime; _builder_version=\u00a0\u00bb4.9.2&Prime; _module_preset=\u00a0\u00bbdefault\u00a0\u00bb][et_pb_text _builder_version=\u00a0\u00bb4.9.2&Prime; _module_preset=\u00a0\u00bbdefault\u00a0\u00bb header_2_font=\u00a0\u00bbPoppins|700|||||||\u00a0\u00bb header_2_text_color=\u00a0\u00bb#646464&Prime; header_2_font_size=\u00a0\u00bb24px\u00a0\u00bb]<\/p>\n<h2>Comment g\u00e9rer la configuration des cookies?<\/h2>\n<p>[\/et_pb_text][et_pb_text _builder_version=\u00a0\u00bb4.9.4&Prime; _module_preset=\u00a0\u00bbdefault\u00a0\u00bb text_font=\u00a0\u00bbPoppins|300|||||||\u00a0\u00bb animation_direction=\u00a0\u00bbleft\u00a0\u00bb hover_enabled=\u00a0\u00bb0&Prime; sticky_enabled=\u00a0\u00bb0&Prime;]<\/p>\n<p>Dans l\u2019apart\u00e9 pr\u00e9sent, vous trouverez une br\u00e8ve exposition sur comment consulter et mener la configuration du syst\u00e8me de cookies en relation avec les navigateurs les plus communs ou utilis\u00e9s par les utilisateurs.<\/p>\n<p>De ce fait, pratiquement tous les navigateurs permettent \u00e0 l\u2019utilisateur d\u2019obtenir l\u2019information g\u00e9n\u00e9rale sur les cookies install\u00e9s sur une page web, concr\u00e8tement v\u00e9rifier l\u2019existence de ceux-ci, leur duration ou le syst\u00e8me d\u2019\u00e9limination. Dans ce sens, \u00e0 titre informatif, nous facilitons une s\u00e9rie de liens relationn\u00e9s:<\/p>\n<p>Google Chrome<br \/>Mozilla Firefox<br \/>Internet Explorer<\/p>\n<p>Par ailleurs, l\u2019utilisateur pourra permettre, bloquer, ou \u00e9liminer les cookies install\u00e9s dans son terminal en modifiant la configuration de son navigateur en fonction des instructions indiqu\u00e9es sur celui-ci. A titre informatif, nous indiquons qu\u2019habituellement la configuration des cookies devrait se faire dans le menu \u00ab Pr\u00e9f\u00e9rences \u00bb ou \u00ab outils \u00bb de chaque navigateur, dans tous les cas, vous pouvez toujours vous diriger \u00e0 l\u2019aide de votre navigateur afin de r\u00e9soudre ou r\u00e9gler les doutes g\u00e9n\u00e9r\u00e9s \u00e0 ce propos.<\/p>\n<p>Il faut prendre en compte, que si vous emp\u00eachez l\u2019installation de tous les cookies, le contenu de la web tout comme certaines fonctions d\u00e9termin\u00e9es ou services facilit\u00e9s par celle-ci peuvent se voir endommag\u00e9s.<\/p>\n<p>[\/et_pb_text][\/et_pb_column][\/et_pb_row][\/et_pb_section][et_pb_section fb_built=\u00a0\u00bb1&Prime; admin_label=\u00a0\u00bbFooter Section\u00a0\u00bb _builder_version=\u00a0\u00bb4.9.2&Prime; background_color=\u00a0\u00bb#cecfd1&Prime; custom_padding=\u00a0\u00bb26px|0px|47px|0px||\u00a0\u00bb global_module=\u00a0\u00bb148&Prime; saved_tabs=\u00a0\u00bball\u00a0\u00bb locked=\u00a0\u00bboff\u00a0\u00bb][et_pb_row column_structure=\u00a0\u00bb1_4,1_4,1_4,1_4&Prime; admin_label=\u00a0\u00bbFooter Row\u00a0\u00bb _builder_version=\u00a0\u00bb3.25&Prime;][et_pb_column type=\u00a0\u00bb1_4&Prime; _builder_version=\u00a0\u00bb3.25&Prime; custom_padding=\u00a0\u00bb|||\u00a0\u00bb custom_padding__hover=\u00a0\u00bb|||\u00a0\u00bb][et_pb_image src=\u00a0\u00bbhttps:\/\/www.forjasvecina.com\/wp-content\/uploads\/2021\/03\/logo.png\u00a0\u00bb alt=\u00a0\u00bbForjas Vecina\u00a0\u00bb title_text=\u00a0\u00bblogo\u00a0\u00bb align_tablet=\u00a0\u00bbcenter\u00a0\u00bb align_phone=\u00a0\u00bbleft\u00a0\u00bb align_last_edited=\u00a0\u00bbon|desktop\u00a0\u00bb admin_label=\u00a0\u00bblogo\u00a0\u00bb _builder_version=\u00a0\u00bb4.9.2&Prime; max_width=\u00a0\u00bb100%\u00a0\u00bb][\/et_pb_image][\/et_pb_column][et_pb_column type=\u00a0\u00bb1_4&Prime; _builder_version=\u00a0\u00bb3.25&Prime; custom_padding=\u00a0\u00bb|||\u00a0\u00bb custom_padding__hover=\u00a0\u00bb|||\u00a0\u00bb][et_pb_text admin_label=\u00a0\u00bbLinks\u00a0\u00bb _builder_version=\u00a0\u00bb4.9.2&Prime; text_font=\u00a0\u00bbPoppins|300|||||||\u00a0\u00bb text_text_color=\u00a0\u00bb#646464&Prime; text_font_size=\u00a0\u00bb15px\u00a0\u00bb text_line_height=\u00a0\u00bb1.4em\u00a0\u00bb link_font=\u00a0\u00bbOpen Sans|600|||||||\u00a0\u00bb link_text_color=\u00a0\u00bb#ffffff\u00a0\u00bb link_line_height=\u00a0\u00bb2.5em\u00a0\u00bb header_font=\u00a0\u00bb||||||||\u00a0\u00bb header_2_font=\u00a0\u00bb||||||||\u00a0\u00bb header_3_font=\u00a0\u00bb||||||||\u00a0\u00bb header_6_font=\u00a0\u00bbPoppins|700||on|||||\u00a0\u00bb header_6_text_color=\u00a0\u00bb#646464&Prime; header_6_letter_spacing=\u00a0\u00bb1px\u00a0\u00bb header_6_line_height=\u00a0\u00bb1.7em\u00a0\u00bb background_layout=\u00a0\u00bbdark\u00a0\u00bb module_alignment=\u00a0\u00bbcenter\u00a0\u00bb custom_margin=\u00a0\u00bb|||\u00a0\u00bb custom_margin_tablet=\u00a0\u00bb0px|||\u00a0\u00bb custom_margin_phone=\u00a0\u00bb|||\u00a0\u00bb custom_margin_last_edited=\u00a0\u00bboff|desktop\u00a0\u00bb text_line_height_last_edited=\u00a0\u00bboff|desktop\u00a0\u00bb]<\/p>\n<h6>VISITEZ-NOUS<\/h6>\n<p>Avda. de la C\u00e1mara de Industria 13.<\/p>\n<p>Pol\u00edgono n\u00ba 1<\/p>\n<p>M\u00f3stoles, 28938, Madrid<\/p>\n<p>[\/et_pb_text][\/et_pb_column][et_pb_column type=\u00a0\u00bb1_4&Prime; _builder_version=\u00a0\u00bb3.25&Prime; custom_padding=\u00a0\u00bb|||\u00a0\u00bb custom_padding__hover=\u00a0\u00bb|||\u00a0\u00bb][et_pb_text admin_label=\u00a0\u00bbLinks\u00a0\u00bb _builder_version=\u00a0\u00bb4.9.2&Prime; text_font=\u00a0\u00bbPoppins|300|||||||\u00a0\u00bb text_text_color=\u00a0\u00bb#646464&Prime; text_font_size=\u00a0\u00bb15px\u00a0\u00bb text_line_height=\u00a0\u00bb1.4em\u00a0\u00bb link_font=\u00a0\u00bbOpen Sans|600|||||||\u00a0\u00bb link_text_color=\u00a0\u00bb#ffffff\u00a0\u00bb link_line_height=\u00a0\u00bb2.5em\u00a0\u00bb header_font=\u00a0\u00bb||||||||\u00a0\u00bb header_2_font=\u00a0\u00bb||||||||\u00a0\u00bb header_3_font=\u00a0\u00bb||||||||\u00a0\u00bb header_6_font=\u00a0\u00bbPoppins|700||on|||||\u00a0\u00bb header_6_text_color=\u00a0\u00bb#646464&Prime; header_6_letter_spacing=\u00a0\u00bb1px\u00a0\u00bb header_6_line_height=\u00a0\u00bb1.7em\u00a0\u00bb background_layout=\u00a0\u00bbdark\u00a0\u00bb module_alignment=\u00a0\u00bbcenter\u00a0\u00bb custom_margin=\u00a0\u00bb|||\u00a0\u00bb]<\/p>\n<h6>CONTACTEZ-NOUS<\/h6>\n<p>91 648 00 77<\/p>\n<p>91 647 49 77<\/p>\n<p>ventas@forjasvecina.es<\/p>\n<p>[\/et_pb_text][\/et_pb_column][et_pb_column type=\u00a0\u00bb1_4&Prime; _builder_version=\u00a0\u00bb3.25&Prime; custom_padding=\u00a0\u00bb|||\u00a0\u00bb custom_padding__hover=\u00a0\u00bb|||\u00a0\u00bb][et_pb_text admin_label=\u00a0\u00bbLinks\u00a0\u00bb _builder_version=\u00a0\u00bb4.9.2&Prime; text_font=\u00a0\u00bbPoppins|300|||||||\u00a0\u00bb text_text_color=\u00a0\u00bb#646464&Prime; text_font_size=\u00a0\u00bb15px\u00a0\u00bb text_line_height=\u00a0\u00bb1.4em\u00a0\u00bb link_font=\u00a0\u00bbOpen Sans|600|||||||\u00a0\u00bb link_text_color=\u00a0\u00bb#ffffff\u00a0\u00bb link_line_height=\u00a0\u00bb2.5em\u00a0\u00bb header_font=\u00a0\u00bb||||||||\u00a0\u00bb header_2_font=\u00a0\u00bb||||||||\u00a0\u00bb header_3_font=\u00a0\u00bb||||||||\u00a0\u00bb header_6_font=\u00a0\u00bbPoppins|700||on|||||\u00a0\u00bb header_6_text_color=\u00a0\u00bb#646464&Prime; header_6_letter_spacing=\u00a0\u00bb1px\u00a0\u00bb header_6_line_height=\u00a0\u00bb1.7em\u00a0\u00bb background_layout=\u00a0\u00bbdark\u00a0\u00bb module_alignment=\u00a0\u00bbcenter\u00a0\u00bb custom_margin=\u00a0\u00bb||14px|||\u00a0\u00bb]<\/p>\n<h6>INFORMATION<\/h6>\n<p>Politique de qualit\u00e9<\/p>\n<p>[\/et_pb_text][et_pb_image src=\u00a0\u00bbhttps:\/\/www.forjasvecina.com\/wp-content\/uploads\/2021\/03\/9105023300_1027205.jpg\u00a0\u00bb title_text=\u00a0\u00bb9105023300_1027205&Prime; url=\u00a0\u00bbhttps:\/\/www.forjasvecina.com\/wp-content\/uploads\/2021\/03\/CERT_9001_FORJASVECINA.pdf\u00a0\u00bb url_new_window=\u00a0\u00bbon\u00a0\u00bb _builder_version=\u00a0\u00bb4.9.2&Prime; _module_preset=\u00a0\u00bbdefault\u00a0\u00bb width=\u00a0\u00bb75%\u00a0\u00bb][\/et_pb_image][\/et_pb_column][\/et_pb_row][\/et_pb_section]<\/p>\n","protected":false},"excerpt":{"rendered":"<p>POLITIQUE DES COOKIESQue sont les cookies?Un cookie est un dossier ou dispositif qui se t\u00e9l\u00e9charge dans le terminal d\u2019un utilisateur afin de stocker des donn\u00e9es qui pourraient \u00eatre utilis\u00e9es et r\u00e9cup\u00e9r\u00e9es par l\u2019entit\u00e9 responsable de son installation. C\u2019est-\u00e0-dire, c\u2019est un fichier qui se t\u00e9l\u00e9charge dans votre ordinateur en acc\u00e9dant \u00e0 certaines pages web. Les cookies [&hellip;]<\/p>\n","protected":false},"author":1,"featured_media":0,"parent":0,"menu_order":0,"comment_status":"closed","ping_status":"closed","template":"","meta":{"_et_pb_use_builder":"on","_et_pb_old_content":"","_et_gb_content_width":"","footnotes":""},"class_list":["post-856","page","type-page","status-publish","hentry"],"yoast_head":"<!-- This site is optimized with the Yoast SEO plugin v27.2 - https:\/\/yoast.com\/product\/yoast-seo-wordpress\/ -->\n<title>Politique de cookies - Forjas Vecina | Cortados y mecanizados para piezas antidesgaste<\/title>\n<meta name=\"description\" content=\"Politique de cookies du site Forjas Vecina, d\u00e9coup\u00e9e et usin\u00e9e pour les pi\u00e8ces anti-abrasion.\" \/>\n<meta name=\"robots\" content=\"index, follow, max-snippet:-1, max-image-preview:large, max-video-preview:-1\" \/>\n<link rel=\"canonical\" href=\"https:\/\/www.forjasvecina.com\/fr\/politique-de-cookies\/\" \/>\n<meta property=\"og:locale\" content=\"fr_FR\" \/>\n<meta property=\"og:type\" content=\"article\" \/>\n<meta property=\"og:title\" content=\"Politique de cookies - Forjas Vecina | Cortados y mecanizados para piezas antidesgaste\" \/>\n<meta property=\"og:description\" content=\"Politique de cookies du site Forjas Vecina, d\u00e9coup\u00e9e et usin\u00e9e pour les pi\u00e8ces anti-abrasion.\" \/>\n<meta property=\"og:url\" content=\"https:\/\/www.forjasvecina.com\/fr\/politique-de-cookies\/\" \/>\n<meta property=\"og:site_name\" content=\"Forjas Vecina | Cortados y mecanizados para piezas antidesgaste\" \/>\n<meta property=\"article:modified_time\" content=\"2022-05-13T18:01:32+00:00\" \/>\n<meta name=\"twitter:card\" content=\"summary_large_image\" \/>\n<meta name=\"twitter:label1\" content=\"Dur\u00e9e de lecture estim\u00e9e\" \/>\n\t<meta name=\"twitter:data1\" content=\"8 minutes\" \/>\n<script type=\"application\/ld+json\" class=\"yoast-schema-graph\">{\"@context\":\"https:\/\/schema.org\",\"@graph\":[{\"@type\":\"WebPage\",\"@id\":\"https:\/\/www.forjasvecina.com\/fr\/politique-de-cookies\/\",\"url\":\"https:\/\/www.forjasvecina.com\/fr\/politique-de-cookies\/\",\"name\":\"Politique de cookies - Forjas Vecina | Cortados y mecanizados para piezas antidesgaste\",\"isPartOf\":{\"@id\":\"https:\/\/www.forjasvecina.com\/fr\/#website\"},\"datePublished\":\"2021-03-23T13:21:26+00:00\",\"dateModified\":\"2022-05-13T18:01:32+00:00\",\"description\":\"Politique de cookies du site Forjas Vecina, d\u00e9coup\u00e9e et usin\u00e9e pour les pi\u00e8ces anti-abrasion.\",\"breadcrumb\":{\"@id\":\"https:\/\/www.forjasvecina.com\/fr\/politique-de-cookies\/#breadcrumb\"},\"inLanguage\":\"fr-FR\",\"potentialAction\":[{\"@type\":\"ReadAction\",\"target\":[\"https:\/\/www.forjasvecina.com\/fr\/politique-de-cookies\/\"]}]},{\"@type\":\"BreadcrumbList\",\"@id\":\"https:\/\/www.forjasvecina.com\/fr\/politique-de-cookies\/#breadcrumb\",\"itemListElement\":[{\"@type\":\"ListItem\",\"position\":1,\"name\":\"Portada\",\"item\":\"https:\/\/www.forjasvecina.com\/fr\/\"},{\"@type\":\"ListItem\",\"position\":2,\"name\":\"Politique de cookies\"}]},{\"@type\":\"WebSite\",\"@id\":\"https:\/\/www.forjasvecina.com\/fr\/#website\",\"url\":\"https:\/\/www.forjasvecina.com\/fr\/\",\"name\":\"Forjas Vecina | Cortados y mecanizados para piezas antidesgaste\",\"description\":\"CORTADOS Y MECANIZADOS PARA PIEZAS ANTIDESGASTE\",\"publisher\":{\"@id\":\"https:\/\/www.forjasvecina.com\/fr\/#organization\"},\"alternateName\":\"Forjas Vecina - Cortados y mecanizados\",\"potentialAction\":[{\"@type\":\"SearchAction\",\"target\":{\"@type\":\"EntryPoint\",\"urlTemplate\":\"https:\/\/www.forjasvecina.com\/fr\/?s={search_term_string}\"},\"query-input\":{\"@type\":\"PropertyValueSpecification\",\"valueRequired\":true,\"valueName\":\"search_term_string\"}}],\"inLanguage\":\"fr-FR\"},{\"@type\":\"Organization\",\"@id\":\"https:\/\/www.forjasvecina.com\/fr\/#organization\",\"name\":\"Forjas Vecina\",\"url\":\"https:\/\/www.forjasvecina.com\/fr\/\",\"logo\":{\"@type\":\"ImageObject\",\"inLanguage\":\"fr-FR\",\"@id\":\"https:\/\/www.forjasvecina.com\/fr\/#\/schema\/logo\/image\/\",\"url\":\"https:\/\/www.forjasvecina.com\/wp-content\/uploads\/2021\/03\/logo.png\",\"contentUrl\":\"https:\/\/www.forjasvecina.com\/wp-content\/uploads\/2021\/03\/logo.png\",\"width\":230,\"height\":70,\"caption\":\"Forjas Vecina\"},\"image\":{\"@id\":\"https:\/\/www.forjasvecina.com\/fr\/#\/schema\/logo\/image\/\"}}]}<\/script>\n<!-- \/ Yoast SEO plugin. -->","yoast_head_json":{"title":"Politique de cookies - Forjas Vecina | Cortados y mecanizados para piezas antidesgaste","description":"Politique de cookies du site Forjas Vecina, d\u00e9coup\u00e9e et usin\u00e9e pour les pi\u00e8ces anti-abrasion.","robots":{"index":"index","follow":"follow","max-snippet":"max-snippet:-1","max-image-preview":"max-image-preview:large","max-video-preview":"max-video-preview:-1"},"canonical":"https:\/\/www.forjasvecina.com\/fr\/politique-de-cookies\/","og_locale":"fr_FR","og_type":"article","og_title":"Politique de cookies - Forjas Vecina | Cortados y mecanizados para piezas antidesgaste","og_description":"Politique de cookies du site Forjas Vecina, d\u00e9coup\u00e9e et usin\u00e9e pour les pi\u00e8ces anti-abrasion.","og_url":"https:\/\/www.forjasvecina.com\/fr\/politique-de-cookies\/","og_site_name":"Forjas Vecina | Cortados y mecanizados para piezas antidesgaste","article_modified_time":"2022-05-13T18:01:32+00:00","twitter_card":"summary_large_image","twitter_misc":{"Dur\u00e9e de lecture estim\u00e9e":"8 minutes"},"schema":{"@context":"https:\/\/schema.org","@graph":[{"@type":"WebPage","@id":"https:\/\/www.forjasvecina.com\/fr\/politique-de-cookies\/","url":"https:\/\/www.forjasvecina.com\/fr\/politique-de-cookies\/","name":"Politique de cookies - Forjas Vecina | Cortados y mecanizados para piezas antidesgaste","isPartOf":{"@id":"https:\/\/www.forjasvecina.com\/fr\/#website"},"datePublished":"2021-03-23T13:21:26+00:00","dateModified":"2022-05-13T18:01:32+00:00","description":"Politique de cookies du site Forjas Vecina, d\u00e9coup\u00e9e et usin\u00e9e pour les pi\u00e8ces anti-abrasion.","breadcrumb":{"@id":"https:\/\/www.forjasvecina.com\/fr\/politique-de-cookies\/#breadcrumb"},"inLanguage":"fr-FR","potentialAction":[{"@type":"ReadAction","target":["https:\/\/www.forjasvecina.com\/fr\/politique-de-cookies\/"]}]},{"@type":"BreadcrumbList","@id":"https:\/\/www.forjasvecina.com\/fr\/politique-de-cookies\/#breadcrumb","itemListElement":[{"@type":"ListItem","position":1,"name":"Portada","item":"https:\/\/www.forjasvecina.com\/fr\/"},{"@type":"ListItem","position":2,"name":"Politique de cookies"}]},{"@type":"WebSite","@id":"https:\/\/www.forjasvecina.com\/fr\/#website","url":"https:\/\/www.forjasvecina.com\/fr\/","name":"Forjas Vecina | Cortados y mecanizados para piezas antidesgaste","description":"CORTADOS Y MECANIZADOS PARA PIEZAS ANTIDESGASTE","publisher":{"@id":"https:\/\/www.forjasvecina.com\/fr\/#organization"},"alternateName":"Forjas Vecina - Cortados y mecanizados","potentialAction":[{"@type":"SearchAction","target":{"@type":"EntryPoint","urlTemplate":"https:\/\/www.forjasvecina.com\/fr\/?s={search_term_string}"},"query-input":{"@type":"PropertyValueSpecification","valueRequired":true,"valueName":"search_term_string"}}],"inLanguage":"fr-FR"},{"@type":"Organization","@id":"https:\/\/www.forjasvecina.com\/fr\/#organization","name":"Forjas Vecina","url":"https:\/\/www.forjasvecina.com\/fr\/","logo":{"@type":"ImageObject","inLanguage":"fr-FR","@id":"https:\/\/www.forjasvecina.com\/fr\/#\/schema\/logo\/image\/","url":"https:\/\/www.forjasvecina.com\/wp-content\/uploads\/2021\/03\/logo.png","contentUrl":"https:\/\/www.forjasvecina.com\/wp-content\/uploads\/2021\/03\/logo.png","width":230,"height":70,"caption":"Forjas Vecina"},"image":{"@id":"https:\/\/www.forjasvecina.com\/fr\/#\/schema\/logo\/image\/"}}]}},"_links":{"self":[{"href":"https:\/\/www.forjasvecina.com\/fr\/wp-json\/wp\/v2\/pages\/856","targetHints":{"allow":["GET"]}}],"collection":[{"href":"https:\/\/www.forjasvecina.com\/fr\/wp-json\/wp\/v2\/pages"}],"about":[{"href":"https:\/\/www.forjasvecina.com\/fr\/wp-json\/wp\/v2\/types\/page"}],"author":[{"embeddable":true,"href":"https:\/\/www.forjasvecina.com\/fr\/wp-json\/wp\/v2\/users\/1"}],"replies":[{"embeddable":true,"href":"https:\/\/www.forjasvecina.com\/fr\/wp-json\/wp\/v2\/comments?post=856"}],"version-history":[{"count":2,"href":"https:\/\/www.forjasvecina.com\/fr\/wp-json\/wp\/v2\/pages\/856\/revisions"}],"predecessor-version":[{"id":858,"href":"https:\/\/www.forjasvecina.com\/fr\/wp-json\/wp\/v2\/pages\/856\/revisions\/858"}],"wp:attachment":[{"href":"https:\/\/www.forjasvecina.com\/fr\/wp-json\/wp\/v2\/media?parent=856"}],"curies":[{"name":"wp","href":"https:\/\/api.w.org\/{rel}","templated":true}]}}