{"id":864,"date":"2021-03-23T11:10:07","date_gmt":"2021-03-23T11:10:07","guid":{"rendered":"https:\/\/www.forjasvecina.com\/avis-legal\/"},"modified":"2022-05-13T18:36:05","modified_gmt":"2022-05-13T18:36:05","slug":"avis-legal","status":"publish","type":"page","link":"https:\/\/www.forjasvecina.com\/fr\/avis-legal\/","title":{"rendered":"Avis l\u00e9gal"},"content":{"rendered":"\n\n[et_pb_section fb_built=\u00a0\u00bb1&Prime; _builder_version=\u00a0\u00bb4.9.2&Prime; _module_preset=\u00a0\u00bbdefault\u00a0\u00bb use_background_color_gradient=\u00a0\u00bbon\u00a0\u00bb background_color_gradient_start=\u00a0\u00bbrgba(25,5,4,0.5)\u00a0\u00bb background_color_gradient_end=\u00a0\u00bbrgba(25,5,4,0.5)\u00a0\u00bb background_color_gradient_overlays_image=\u00a0\u00bbon\u00a0\u00bb background_image=\u00a0\u00bbhttps:\/\/www.forjasvecina.com\/wp-content\/uploads\/2021\/03\/medios-secc-1920w.jpg\u00a0\u00bb max_height_tablet=\u00a0\u00bb\u00a0\u00bb max_height_phone=\u00a0\u00bb180px\u00a0\u00bb max_height_last_edited=\u00a0\u00bbon|phone\u00a0\u00bb border_width_bottom=\u00a0\u00bb12px\u00a0\u00bb border_color_bottom=\u00a0\u00bb#ebc118&Prime;][et_pb_row _builder_version=\u00a0\u00bb4.9.2&Prime; _module_preset=\u00a0\u00bbdefault\u00a0\u00bb][et_pb_column type=\u00a0\u00bb4_4&Prime; _builder_version=\u00a0\u00bb4.9.2&Prime; _module_preset=\u00a0\u00bbdefault\u00a0\u00bb][et_pb_text _builder_version=\u00a0\u00bb4.9.2&Prime; _module_preset=\u00a0\u00bbdefault\u00a0\u00bb text_font=\u00a0\u00bbPoppins|700|||||||\u00a0\u00bb text_text_color=\u00a0\u00bb#ffffff\u00a0\u00bb text_font_size=\u00a0\u00bb35px\u00a0\u00bb text_orientation=\u00a0\u00bbcenter\u00a0\u00bb custom_margin_tablet=\u00a0\u00bb\u00a0\u00bb custom_margin_phone=\u00a0\u00bb-60px||||false|false\u00a0\u00bb custom_margin_last_edited=\u00a0\u00bbon|phone\u00a0\u00bb custom_padding_tablet=\u00a0\u00bb\u00a0\u00bb custom_padding_phone=\u00a0\u00bb||||false|false\u00a0\u00bb custom_padding_last_edited=\u00a0\u00bbon|phone\u00a0\u00bb text_font_size_tablet=\u00a0\u00bb\u00a0\u00bb text_font_size_phone=\u00a0\u00bb35px\u00a0\u00bb text_font_size_last_edited=\u00a0\u00bbon|phone\u00a0\u00bb text_line_height_tablet=\u00a0\u00bb\u00a0\u00bb text_line_height_phone=\u00a0\u00bb1.2em\u00a0\u00bb text_line_height_last_edited=\u00a0\u00bbon|phone\u00a0\u00bb]<p>AVIS L\u00c9GAL<\/p>[\/et_pb_text][\/et_pb_column][\/et_pb_row][\/et_pb_section][et_pb_section fb_built=\u00a0\u00bb1&Prime; custom_padding_last_edited=\u00a0\u00bbon|phone\u00a0\u00bb _builder_version=\u00a0\u00bb4.9.2&Prime; _module_preset=\u00a0\u00bbdefault\u00a0\u00bb custom_padding=\u00a0\u00bb50px||||false|false\u00a0\u00bb custom_padding_tablet=\u00a0\u00bb\u00a0\u00bb custom_padding_phone=\u00a0\u00bb15px||||false|false\u00a0\u00bb][et_pb_row _builder_version=\u00a0\u00bb4.9.2&Prime; _module_preset=\u00a0\u00bbdefault\u00a0\u00bb][et_pb_column type=\u00a0\u00bb4_4&Prime; _builder_version=\u00a0\u00bb4.9.2&Prime; _module_preset=\u00a0\u00bbdefault\u00a0\u00bb][et_pb_text _builder_version=\u00a0\u00bb4.9.2&Prime; _module_preset=\u00a0\u00bbdefault\u00a0\u00bb header_2_font=\u00a0\u00bbPoppins|700|||||||\u00a0\u00bb header_2_text_color=\u00a0\u00bb#646464&Prime; header_2_font_size=\u00a0\u00bb24px\u00a0\u00bb]<h2>Information G\u00e9n\u00e9rale<\/h2>[\/et_pb_text][et_pb_text _builder_version=\u00a0\u00bb4.9.2&Prime; _module_preset=\u00a0\u00bbdefault\u00a0\u00bb text_font=\u00a0\u00bbPoppins|300|||||||\u00a0\u00bb animation_direction=\u00a0\u00bbleft\u00a0\u00bb hover_enabled=\u00a0\u00bb0&Prime; sticky_enabled=\u00a0\u00bb0&Prime;]<p>Le titulaire de la page web www.forjasvecina.es\/com est FORJAS VECINA S.C.L., NIF F28682441 et domicili\u00e9 \u00e0 Avenida C\u00e1mara de la Industria, 13, 28938, M\u00f3stoles, (Madrid). L\u2019entit\u00e9 est enregistr\u00e9e au Registro Mercantil sous les donn\u00e9es d\u2019inscription suivantes : Registro cooperativas de Madrid 28\/CM-166.<\/p>\n<p>Afin que l\u2019utilisation du site web s\u2019ajuste aux crit\u00e8res de transparence, clart\u00e9 et simplicit\u00e9, FORJAS VECINA S.C.L. informe l\u2019utilisateur que toutes suggestion, doute ou demande \u00e0 propos de cette Notice L\u00e9gale ou autre document informatif relatif \u00e0 ce site web, sera re\u00e7u et r\u00e9sout en contactant FORJAS VECINA S.C.L. par le biais du courrier \u00e9lectronique : ventas@forjasvecina.es<\/p>[\/et_pb_text][\/et_pb_column][\/et_pb_row][et_pb_row _builder_version=\u00a0\u00bb4.9.2&Prime; _module_preset=\u00a0\u00bbdefault\u00a0\u00bb][et_pb_column type=\u00a0\u00bb4_4&Prime; _builder_version=\u00a0\u00bb4.9.2&Prime; _module_preset=\u00a0\u00bbdefault\u00a0\u00bb][et_pb_text _builder_version=\u00a0\u00bb4.9.2&Prime; _module_preset=\u00a0\u00bbdefault\u00a0\u00bb header_2_font=\u00a0\u00bbPoppins|700|||||||\u00a0\u00bb header_2_text_color=\u00a0\u00bb#646464&Prime; header_2_font_size=\u00a0\u00bb24px\u00a0\u00bb]<h2>Propri\u00e9t\u00e9 Intellectuelle<\/h2>[\/et_pb_text][et_pb_text _builder_version=\u00a0\u00bb4.9.2&Prime; _module_preset=\u00a0\u00bbdefault\u00a0\u00bb text_font=\u00a0\u00bbPoppins|300|||||||\u00a0\u00bb animation_direction=\u00a0\u00bbleft\u00a0\u00bb]<p>Tous les contenus affich\u00e9s sur le site web pr\u00e9sent, en particulier les dessins, textes, images, logos, ic\u00f4nes, noms commerciaux, marques ou tout autre information susceptible d\u2019\u00eatre utilis\u00e9s \u00e0 des fins industriels et\/ou commerciaux sont prot\u00e9g\u00e9s par les droits d\u2019auteur correspondants, ne conf\u00e9rant aucun droit de reproduction, transmission ou enregistrement d\u2019information, sauf autorisation pr\u00e9alable du titulaire, FORJAS VECINA S.C.L.. N\u00e9anmoins, l\u2019utilisateur pourra utiliser l\u2019information fournie afin de g\u00e9rer ses commandes et les donn\u00e9es de contact correspondantes.<\/p>[\/et_pb_text][\/et_pb_column][\/et_pb_row][et_pb_row _builder_version=\u00a0\u00bb4.9.2&Prime; _module_preset=\u00a0\u00bbdefault\u00a0\u00bb][et_pb_column type=\u00a0\u00bb4_4&Prime; _builder_version=\u00a0\u00bb4.9.2&Prime; _module_preset=\u00a0\u00bbdefault\u00a0\u00bb][et_pb_text _builder_version=\u00a0\u00bb4.9.2&Prime; _module_preset=\u00a0\u00bbdefault\u00a0\u00bb header_2_font=\u00a0\u00bbPoppins|700|||||||\u00a0\u00bb header_2_text_color=\u00a0\u00bb#646464&Prime; header_2_font_size=\u00a0\u00bb24px\u00a0\u00bb]<h2>Liens<\/h2>[\/et_pb_text][et_pb_text _builder_version=\u00a0\u00bb4.9.2&Prime; _module_preset=\u00a0\u00bbdefault\u00a0\u00bb text_font=\u00a0\u00bbPoppins|300|||||||\u00a0\u00bb animation_direction=\u00a0\u00bbleft\u00a0\u00bb]<p>FORJAS VECINA S.C.L. n\u2019assure aucune responsabilit\u00e9 des liens vers d\u2019autres sites ou pages web qui, dans certains cas, pourraient \u00eatre inclus sur son site, car il n\u2019exerce aucun contr\u00f4le sur ceux-ci, c\u2019est pour cela que l\u2019utilisateur acc\u00e8de au contenu et conditions d\u2019utilisation r\u00e9gies par ceux-ci sous sa propre responsabilit\u00e9.<\/p>[\/et_pb_text][\/et_pb_column][\/et_pb_row][\/et_pb_section][et_pb_section fb_built=\u00a0\u00bb1&Prime; admin_label=\u00a0\u00bbFooter Section\u00a0\u00bb _builder_version=\u00a0\u00bb4.9.2&Prime; background_color=\u00a0\u00bb#cecfd1&Prime; custom_padding=\u00a0\u00bb26px|0px|47px|0px||\u00a0\u00bb global_module=\u00a0\u00bb148&Prime; saved_tabs=\u00a0\u00bball\u00a0\u00bb locked=\u00a0\u00bboff\u00a0\u00bb][et_pb_row column_structure=\u00a0\u00bb1_4,1_4,1_4,1_4&Prime; admin_label=\u00a0\u00bbFooter Row\u00a0\u00bb _builder_version=\u00a0\u00bb3.25&Prime;][et_pb_column type=\u00a0\u00bb1_4&Prime; _builder_version=\u00a0\u00bb3.25&Prime; custom_padding=\u00a0\u00bb|||\u00a0\u00bb custom_padding__hover=\u00a0\u00bb|||\u00a0\u00bb][et_pb_image src=\u00a0\u00bbhttps:\/\/www.forjasvecina.com\/wp-content\/uploads\/2021\/03\/logo.png\u00a0\u00bb alt=\u00a0\u00bbForjas Vecina\u00a0\u00bb title_text=\u00a0\u00bblogo\u00a0\u00bb align_tablet=\u00a0\u00bbcenter\u00a0\u00bb align_phone=\u00a0\u00bbleft\u00a0\u00bb align_last_edited=\u00a0\u00bbon|desktop\u00a0\u00bb admin_label=\u00a0\u00bblogo\u00a0\u00bb _builder_version=\u00a0\u00bb4.9.2&Prime; max_width=\u00a0\u00bb100%\u00a0\u00bb][\/et_pb_image][\/et_pb_column][et_pb_column type=\u00a0\u00bb1_4&Prime; _builder_version=\u00a0\u00bb3.25&Prime; custom_padding=\u00a0\u00bb|||\u00a0\u00bb custom_padding__hover=\u00a0\u00bb|||\u00a0\u00bb][et_pb_text admin_label=\u00a0\u00bbLinks\u00a0\u00bb _builder_version=\u00a0\u00bb4.9.2&Prime; text_font=\u00a0\u00bbPoppins|300|||||||\u00a0\u00bb text_text_color=\u00a0\u00bb#646464&Prime; text_font_size=\u00a0\u00bb15px\u00a0\u00bb text_line_height=\u00a0\u00bb1.4em\u00a0\u00bb link_font=\u00a0\u00bbOpen Sans|600|||||||\u00a0\u00bb link_text_color=\u00a0\u00bb#ffffff\u00a0\u00bb link_line_height=\u00a0\u00bb2.5em\u00a0\u00bb header_font=\u00a0\u00bb||||||||\u00a0\u00bb header_2_font=\u00a0\u00bb||||||||\u00a0\u00bb header_3_font=\u00a0\u00bb||||||||\u00a0\u00bb header_6_font=\u00a0\u00bbPoppins|700||on|||||\u00a0\u00bb header_6_text_color=\u00a0\u00bb#646464&Prime; header_6_letter_spacing=\u00a0\u00bb1px\u00a0\u00bb header_6_line_height=\u00a0\u00bb1.7em\u00a0\u00bb background_layout=\u00a0\u00bbdark\u00a0\u00bb module_alignment=\u00a0\u00bbcenter\u00a0\u00bb custom_margin=\u00a0\u00bb|||\u00a0\u00bb custom_margin_tablet=\u00a0\u00bb0px|||\u00a0\u00bb custom_margin_phone=\u00a0\u00bb|||\u00a0\u00bb custom_margin_last_edited=\u00a0\u00bboff|desktop\u00a0\u00bb text_line_height_last_edited=\u00a0\u00bboff|desktop\u00a0\u00bb]<h6>VISITEZ-NOUS<\/h6>\n<p>Avda. de la C\u00e1mara de Industria 13.<\/p>\n<p>Pol\u00edgono n\u00ba 1<\/p>\n<p>M\u00f3stoles, 28938, Madrid<\/p>[\/et_pb_text][\/et_pb_column][et_pb_column type=\u00a0\u00bb1_4&Prime; _builder_version=\u00a0\u00bb3.25&Prime; custom_padding=\u00a0\u00bb|||\u00a0\u00bb custom_padding__hover=\u00a0\u00bb|||\u00a0\u00bb][et_pb_text admin_label=\u00a0\u00bbLinks\u00a0\u00bb _builder_version=\u00a0\u00bb4.9.2&Prime; text_font=\u00a0\u00bbPoppins|300|||||||\u00a0\u00bb text_text_color=\u00a0\u00bb#646464&Prime; text_font_size=\u00a0\u00bb15px\u00a0\u00bb text_line_height=\u00a0\u00bb1.4em\u00a0\u00bb link_font=\u00a0\u00bbOpen Sans|600|||||||\u00a0\u00bb link_text_color=\u00a0\u00bb#ffffff\u00a0\u00bb link_line_height=\u00a0\u00bb2.5em\u00a0\u00bb header_font=\u00a0\u00bb||||||||\u00a0\u00bb header_2_font=\u00a0\u00bb||||||||\u00a0\u00bb header_3_font=\u00a0\u00bb||||||||\u00a0\u00bb header_6_font=\u00a0\u00bbPoppins|700||on|||||\u00a0\u00bb header_6_text_color=\u00a0\u00bb#646464&Prime; header_6_letter_spacing=\u00a0\u00bb1px\u00a0\u00bb header_6_line_height=\u00a0\u00bb1.7em\u00a0\u00bb background_layout=\u00a0\u00bbdark\u00a0\u00bb module_alignment=\u00a0\u00bbcenter\u00a0\u00bb custom_margin=\u00a0\u00bb|||\u00a0\u00bb]<h6>CONTACTEZ-NOUS<\/h6>\n<p>91 648 00 77<\/p>\n<p>91 647 49 77<\/p>\n<p>ventas@forjasvecina.es<\/p>[\/et_pb_text][\/et_pb_column][et_pb_column type=\u00a0\u00bb1_4&Prime; _builder_version=\u00a0\u00bb3.25&Prime; custom_padding=\u00a0\u00bb|||\u00a0\u00bb custom_padding__hover=\u00a0\u00bb|||\u00a0\u00bb][et_pb_text admin_label=\u00a0\u00bbLinks\u00a0\u00bb _builder_version=\u00a0\u00bb4.9.2&Prime; text_font=\u00a0\u00bbPoppins|300|||||||\u00a0\u00bb text_text_color=\u00a0\u00bb#646464&Prime; text_font_size=\u00a0\u00bb15px\u00a0\u00bb text_line_height=\u00a0\u00bb1.4em\u00a0\u00bb link_font=\u00a0\u00bbOpen Sans|600|||||||\u00a0\u00bb link_text_color=\u00a0\u00bb#ffffff\u00a0\u00bb link_line_height=\u00a0\u00bb2.5em\u00a0\u00bb header_font=\u00a0\u00bb||||||||\u00a0\u00bb header_2_font=\u00a0\u00bb||||||||\u00a0\u00bb header_3_font=\u00a0\u00bb||||||||\u00a0\u00bb header_6_font=\u00a0\u00bbPoppins|700||on|||||\u00a0\u00bb header_6_text_color=\u00a0\u00bb#646464&Prime; header_6_letter_spacing=\u00a0\u00bb1px\u00a0\u00bb header_6_line_height=\u00a0\u00bb1.7em\u00a0\u00bb background_layout=\u00a0\u00bbdark\u00a0\u00bb module_alignment=\u00a0\u00bbcenter\u00a0\u00bb custom_margin=\u00a0\u00bb||14px|||\u00a0\u00bb]<h6>INFORMATION<\/h6>\n<p>Politique de qualit\u00e9<\/p>[\/et_pb_text][et_pb_image src=\u00a0\u00bbhttps:\/\/www.forjasvecina.com\/wp-content\/uploads\/2021\/03\/9105023300_1027205.jpg\u00a0\u00bb title_text=\u00a0\u00bb9105023300_1027205&Prime; url=\u00a0\u00bbhttps:\/\/www.forjasvecina.com\/wp-content\/uploads\/2021\/03\/CERT_9001_FORJASVECINA.pdf\u00a0\u00bb url_new_window=\u00a0\u00bbon\u00a0\u00bb _builder_version=\u00a0\u00bb4.9.2&Prime; _module_preset=\u00a0\u00bbdefault\u00a0\u00bb width=\u00a0\u00bb75%\u00a0\u00bb][\/et_pb_image][\/et_pb_column][\/et_pb_row][\/et_pb_section]\n\n","protected":false},"excerpt":{"rendered":"<p>AVIS L\u00c9GALInformation G\u00e9n\u00e9raleLe titulaire de la page web www.forjasvecina.es\/com est FORJAS VECINA S.C.L., NIF F28682441 et domicili\u00e9 \u00e0 Avenida C\u00e1mara de la Industria, 13, 28938, M\u00f3stoles, (Madrid). L\u2019entit\u00e9 est enregistr\u00e9e au Registro Mercantil sous les donn\u00e9es d\u2019inscription suivantes : Registro cooperativas de Madrid 28\/CM-166. Afin que l\u2019utilisation du site web s\u2019ajuste aux crit\u00e8res de transparence, [&hellip;]<\/p>\n","protected":false},"author":1,"featured_media":0,"parent":0,"menu_order":0,"comment_status":"closed","ping_status":"closed","template":"","meta":{"_et_pb_use_builder":"on","_et_pb_old_content":"","_et_gb_content_width":"","footnotes":""},"class_list":["post-864","page","type-page","status-publish","hentry"],"yoast_head":"<!-- This site is optimized with the Yoast SEO plugin v27.2 - https:\/\/yoast.com\/product\/yoast-seo-wordpress\/ -->\n<title>Avis l\u00e9gal - Forjas Vecina | Cortados y mecanizados para piezas antidesgaste<\/title>\n<meta name=\"description\" content=\"Avis L\u00e9gal du site Web de Forjas Vecina, d\u00e9coup\u00e9es et usin\u00e9es pour les pi\u00e8ces anti-abrasion.\" \/>\n<meta name=\"robots\" content=\"index, follow, max-snippet:-1, max-image-preview:large, max-video-preview:-1\" \/>\n<link rel=\"canonical\" href=\"https:\/\/www.forjasvecina.com\/fr\/avis-legal\/\" \/>\n<meta property=\"og:locale\" content=\"fr_FR\" \/>\n<meta property=\"og:type\" content=\"article\" \/>\n<meta property=\"og:title\" content=\"Avis l\u00e9gal - Forjas Vecina | Cortados y mecanizados para piezas antidesgaste\" \/>\n<meta property=\"og:description\" content=\"Avis L\u00e9gal du site Web de Forjas Vecina, d\u00e9coup\u00e9es et usin\u00e9es pour les pi\u00e8ces anti-abrasion.\" \/>\n<meta property=\"og:url\" content=\"https:\/\/www.forjasvecina.com\/fr\/avis-legal\/\" \/>\n<meta property=\"og:site_name\" content=\"Forjas Vecina | Cortados y mecanizados para piezas antidesgaste\" \/>\n<meta property=\"article:modified_time\" content=\"2022-05-13T18:36:05+00:00\" \/>\n<meta name=\"twitter:card\" content=\"summary_large_image\" \/>\n<meta name=\"twitter:label1\" content=\"Dur\u00e9e de lecture estim\u00e9e\" \/>\n\t<meta name=\"twitter:data1\" content=\"5 minutes\" \/>\n<script type=\"application\/ld+json\" class=\"yoast-schema-graph\">{\"@context\":\"https:\/\/schema.org\",\"@graph\":[{\"@type\":\"WebPage\",\"@id\":\"https:\/\/www.forjasvecina.com\/fr\/avis-legal\/\",\"url\":\"https:\/\/www.forjasvecina.com\/fr\/avis-legal\/\",\"name\":\"Avis l\u00e9gal - Forjas Vecina | Cortados y mecanizados para piezas antidesgaste\",\"isPartOf\":{\"@id\":\"https:\/\/www.forjasvecina.com\/fr\/#website\"},\"datePublished\":\"2021-03-23T11:10:07+00:00\",\"dateModified\":\"2022-05-13T18:36:05+00:00\",\"description\":\"Avis L\u00e9gal du site Web de Forjas Vecina, d\u00e9coup\u00e9es et usin\u00e9es pour les pi\u00e8ces anti-abrasion.\",\"breadcrumb\":{\"@id\":\"https:\/\/www.forjasvecina.com\/fr\/avis-legal\/#breadcrumb\"},\"inLanguage\":\"fr-FR\",\"potentialAction\":[{\"@type\":\"ReadAction\",\"target\":[\"https:\/\/www.forjasvecina.com\/fr\/avis-legal\/\"]}]},{\"@type\":\"BreadcrumbList\",\"@id\":\"https:\/\/www.forjasvecina.com\/fr\/avis-legal\/#breadcrumb\",\"itemListElement\":[{\"@type\":\"ListItem\",\"position\":1,\"name\":\"Portada\",\"item\":\"https:\/\/www.forjasvecina.com\/fr\/\"},{\"@type\":\"ListItem\",\"position\":2,\"name\":\"Avis l\u00e9gal\"}]},{\"@type\":\"WebSite\",\"@id\":\"https:\/\/www.forjasvecina.com\/fr\/#website\",\"url\":\"https:\/\/www.forjasvecina.com\/fr\/\",\"name\":\"Forjas Vecina | Cortados y mecanizados para piezas antidesgaste\",\"description\":\"CORTADOS Y MECANIZADOS PARA PIEZAS ANTIDESGASTE\",\"publisher\":{\"@id\":\"https:\/\/www.forjasvecina.com\/fr\/#organization\"},\"alternateName\":\"Forjas Vecina - Cortados y mecanizados\",\"potentialAction\":[{\"@type\":\"SearchAction\",\"target\":{\"@type\":\"EntryPoint\",\"urlTemplate\":\"https:\/\/www.forjasvecina.com\/fr\/?s={search_term_string}\"},\"query-input\":{\"@type\":\"PropertyValueSpecification\",\"valueRequired\":true,\"valueName\":\"search_term_string\"}}],\"inLanguage\":\"fr-FR\"},{\"@type\":\"Organization\",\"@id\":\"https:\/\/www.forjasvecina.com\/fr\/#organization\",\"name\":\"Forjas Vecina\",\"url\":\"https:\/\/www.forjasvecina.com\/fr\/\",\"logo\":{\"@type\":\"ImageObject\",\"inLanguage\":\"fr-FR\",\"@id\":\"https:\/\/www.forjasvecina.com\/fr\/#\/schema\/logo\/image\/\",\"url\":\"https:\/\/www.forjasvecina.com\/wp-content\/uploads\/2021\/03\/logo.png\",\"contentUrl\":\"https:\/\/www.forjasvecina.com\/wp-content\/uploads\/2021\/03\/logo.png\",\"width\":230,\"height\":70,\"caption\":\"Forjas Vecina\"},\"image\":{\"@id\":\"https:\/\/www.forjasvecina.com\/fr\/#\/schema\/logo\/image\/\"}}]}<\/script>\n<!-- \/ Yoast SEO plugin. -->","yoast_head_json":{"title":"Avis l\u00e9gal - Forjas Vecina | Cortados y mecanizados para piezas antidesgaste","description":"Avis L\u00e9gal du site Web de Forjas Vecina, d\u00e9coup\u00e9es et usin\u00e9es pour les pi\u00e8ces anti-abrasion.","robots":{"index":"index","follow":"follow","max-snippet":"max-snippet:-1","max-image-preview":"max-image-preview:large","max-video-preview":"max-video-preview:-1"},"canonical":"https:\/\/www.forjasvecina.com\/fr\/avis-legal\/","og_locale":"fr_FR","og_type":"article","og_title":"Avis l\u00e9gal - Forjas Vecina | Cortados y mecanizados para piezas antidesgaste","og_description":"Avis L\u00e9gal du site Web de Forjas Vecina, d\u00e9coup\u00e9es et usin\u00e9es pour les pi\u00e8ces anti-abrasion.","og_url":"https:\/\/www.forjasvecina.com\/fr\/avis-legal\/","og_site_name":"Forjas Vecina | Cortados y mecanizados para piezas antidesgaste","article_modified_time":"2022-05-13T18:36:05+00:00","twitter_card":"summary_large_image","twitter_misc":{"Dur\u00e9e de lecture estim\u00e9e":"5 minutes"},"schema":{"@context":"https:\/\/schema.org","@graph":[{"@type":"WebPage","@id":"https:\/\/www.forjasvecina.com\/fr\/avis-legal\/","url":"https:\/\/www.forjasvecina.com\/fr\/avis-legal\/","name":"Avis l\u00e9gal - Forjas Vecina | Cortados y mecanizados para piezas antidesgaste","isPartOf":{"@id":"https:\/\/www.forjasvecina.com\/fr\/#website"},"datePublished":"2021-03-23T11:10:07+00:00","dateModified":"2022-05-13T18:36:05+00:00","description":"Avis L\u00e9gal du site Web de Forjas Vecina, d\u00e9coup\u00e9es et usin\u00e9es pour les pi\u00e8ces anti-abrasion.","breadcrumb":{"@id":"https:\/\/www.forjasvecina.com\/fr\/avis-legal\/#breadcrumb"},"inLanguage":"fr-FR","potentialAction":[{"@type":"ReadAction","target":["https:\/\/www.forjasvecina.com\/fr\/avis-legal\/"]}]},{"@type":"BreadcrumbList","@id":"https:\/\/www.forjasvecina.com\/fr\/avis-legal\/#breadcrumb","itemListElement":[{"@type":"ListItem","position":1,"name":"Portada","item":"https:\/\/www.forjasvecina.com\/fr\/"},{"@type":"ListItem","position":2,"name":"Avis l\u00e9gal"}]},{"@type":"WebSite","@id":"https:\/\/www.forjasvecina.com\/fr\/#website","url":"https:\/\/www.forjasvecina.com\/fr\/","name":"Forjas Vecina | Cortados y mecanizados para piezas antidesgaste","description":"CORTADOS Y MECANIZADOS PARA PIEZAS ANTIDESGASTE","publisher":{"@id":"https:\/\/www.forjasvecina.com\/fr\/#organization"},"alternateName":"Forjas Vecina - Cortados y mecanizados","potentialAction":[{"@type":"SearchAction","target":{"@type":"EntryPoint","urlTemplate":"https:\/\/www.forjasvecina.com\/fr\/?s={search_term_string}"},"query-input":{"@type":"PropertyValueSpecification","valueRequired":true,"valueName":"search_term_string"}}],"inLanguage":"fr-FR"},{"@type":"Organization","@id":"https:\/\/www.forjasvecina.com\/fr\/#organization","name":"Forjas Vecina","url":"https:\/\/www.forjasvecina.com\/fr\/","logo":{"@type":"ImageObject","inLanguage":"fr-FR","@id":"https:\/\/www.forjasvecina.com\/fr\/#\/schema\/logo\/image\/","url":"https:\/\/www.forjasvecina.com\/wp-content\/uploads\/2021\/03\/logo.png","contentUrl":"https:\/\/www.forjasvecina.com\/wp-content\/uploads\/2021\/03\/logo.png","width":230,"height":70,"caption":"Forjas Vecina"},"image":{"@id":"https:\/\/www.forjasvecina.com\/fr\/#\/schema\/logo\/image\/"}}]}},"_links":{"self":[{"href":"https:\/\/www.forjasvecina.com\/fr\/wp-json\/wp\/v2\/pages\/864","targetHints":{"allow":["GET"]}}],"collection":[{"href":"https:\/\/www.forjasvecina.com\/fr\/wp-json\/wp\/v2\/pages"}],"about":[{"href":"https:\/\/www.forjasvecina.com\/fr\/wp-json\/wp\/v2\/types\/page"}],"author":[{"embeddable":true,"href":"https:\/\/www.forjasvecina.com\/fr\/wp-json\/wp\/v2\/users\/1"}],"replies":[{"embeddable":true,"href":"https:\/\/www.forjasvecina.com\/fr\/wp-json\/wp\/v2\/comments?post=864"}],"version-history":[{"count":1,"href":"https:\/\/www.forjasvecina.com\/fr\/wp-json\/wp\/v2\/pages\/864\/revisions"}],"predecessor-version":[{"id":865,"href":"https:\/\/www.forjasvecina.com\/fr\/wp-json\/wp\/v2\/pages\/864\/revisions\/865"}],"wp:attachment":[{"href":"https:\/\/www.forjasvecina.com\/fr\/wp-json\/wp\/v2\/media?parent=864"}],"curies":[{"name":"wp","href":"https:\/\/api.w.org\/{rel}","templated":true}]}}